{"id":106,"date":"2022-08-09T21:50:37","date_gmt":"2022-08-09T21:50:37","guid":{"rendered":"http:\/\/www.amppperu.com\/?page_id=106"},"modified":"2023-05-26T10:54:50","modified_gmt":"2023-05-26T15:54:50","slug":"recubrimientos","status":"publish","type":"page","link":"https:\/\/www.amppperu.com\/index.php\/recubrimientos\/","title":{"rendered":"Recubrimientos"},"content":{"rendered":"\n<div class=\"wp-block-columns is-layout-flex wp-container-core-columns-is-layout-9d6595d7 wp-block-columns-is-layout-flex\">\n<div class=\"wp-block-column is-layout-flow wp-block-column-is-layout-flow\">\n<h3 class=\"wp-block-heading\"><strong>Programa de Inspector de Recubrimientos<\/strong><\/h3>\n<\/div>\n<\/div>\n\n\n\n<div class=\"wp-block-columns is-layout-flex wp-container-core-columns-is-layout-9d6595d7 wp-block-columns-is-layout-flex\">\n<div class=\"wp-block-column is-layout-flow wp-block-column-is-layout-flow\">\n<p style=\"font-size:15px\">Durante m\u00e1s de 30 a\u00f1os, las certificaciones de inspecci\u00f3n de recubrimientos NACE y SSPC han establecido el est\u00e1ndar mundial para los inspectores en la industria de recubrimientos protectores.&nbsp;Las organizaciones reconocen y especifican el Programa de Certificaci\u00f3n de Inspectores de Recubrimientos (CIP) de NACE y los programas de Inspectores de Recubrimientos Protectores (PCI) de SSPC debido a sus m\u00e9todos de prueba pr\u00e1cticos e integrales que validan el conocimiento, las habilidades y la experiencia de un individuo y elevan las habilidades de aquellos en La industria.&nbsp;El nuevo Programa de Inspector de Recubrimientos de AMPP es equivalente a estas credenciales existentes y eventualmente las reemplazar\u00e1 como el est\u00e1ndar especificado para la inspecci\u00f3n de recubrimientos en la industria.<\/p>\n<\/div>\n\n\n\n<div class=\"wp-block-column is-vertically-aligned-center is-layout-flow wp-block-column-is-layout-flow\">\n<figure class=\"wp-block-image size-full\"><img loading=\"lazy\" decoding=\"async\" width=\"525\" height=\"361\" src=\"http:\/\/www.amppperu.com\/wp-content\/uploads\/2022\/08\/CIP_1-Image.jpg\" alt=\"\" class=\"wp-image-168\" srcset=\"https:\/\/www.amppperu.com\/wp-content\/uploads\/2022\/08\/CIP_1-Image.jpg 525w, https:\/\/www.amppperu.com\/wp-content\/uploads\/2022\/08\/CIP_1-Image-300x206.jpg 300w\" sizes=\"auto, (max-width: 525px) 100vw, 525px\" \/><\/figure>\n<\/div>\n<\/div>\n\n\n\n<div class=\"wp-block-columns is-layout-flex wp-container-core-columns-is-layout-9d6595d7 wp-block-columns-is-layout-flex\">\n<div class=\"wp-block-column is-layout-flow wp-block-column-is-layout-flow\">\n<h5 class=\"wp-block-heading\"><strong>\u00bfPara qui\u00e9n es el Programa de Inspector de Recubrimientos?<\/strong><\/h5>\n<\/div>\n<\/div>\n\n\n\n<div class=\"wp-block-columns is-layout-flex wp-container-core-columns-is-layout-9d6595d7 wp-block-columns-is-layout-flex\">\n<div class=\"wp-block-column is-vertically-aligned-center is-layout-flow wp-block-column-is-layout-flow\">\n<p style=\"font-size:15px\">Este programa est\u00e1 dise\u00f1ado para cualquier persona que siga una carrera en la inspecci\u00f3n de recubrimientos o que desee tener un mayor conocimiento de los recubrimientos protectores para cualquier cantidad de activos (tuber\u00edas, tanques de almacenamiento, infraestructura clave y m\u00e1s).&nbsp;El plan de estudios es completo y combina el estudio en el aula, la discusi\u00f3n y la pr\u00e1ctica; el programa proporciona una base s\u00f3lida de recubrimientos que fortalece a los inspectores de la industria y sus pr\u00e1cticas.&nbsp;<\/p>\n<\/div>\n\n\n\n<div class=\"wp-block-column is-vertically-aligned-center is-layout-flow wp-block-column-is-layout-flow\"><div class=\"wp-block-image\">\n<figure class=\"aligncenter size-full is-resized\"><img loading=\"lazy\" decoding=\"async\" src=\"http:\/\/www.amppperu.com\/wp-content\/uploads\/2022\/08\/ALVARO2.jpeg\" alt=\"\" class=\"wp-image-173\" width=\"346\" height=\"306\"\/><\/figure>\n<\/div><\/div>\n<\/div>\n\n\n\n<div class=\"wp-block-columns is-layout-flex wp-container-core-columns-is-layout-9d6595d7 wp-block-columns-is-layout-flex\">\n<div class=\"wp-block-column is-layout-flow wp-block-column-is-layout-flow\">\n<h5 class=\"has-text-align-center wp-block-heading\"><strong>Inspector de Recubrimientos B\u00e1sico &#8211; CIP Nivel 1<\/strong><\/h5>\n<\/div>\n\n\n\n<div class=\"wp-block-column is-layout-flow wp-block-column-is-layout-flow\">\n<h5 class=\"has-text-align-center wp-block-heading\"><strong>Inspector de Recubrimientos Certificado. CIP Nivel 2<\/strong><\/h5>\n<\/div>\n\n\n\n<div class=\"wp-block-column is-layout-flow wp-block-column-is-layout-flow\">\n<h5 class=\"has-text-align-center wp-block-heading\"><strong>Inspector de Recubrimientos Senior  Certificado. CIP Nivel 3<\/strong><\/h5>\n<\/div>\n<\/div>\n\n\n\n<div class=\"wp-block-columns is-layout-flex wp-container-core-columns-is-layout-9d6595d7 wp-block-columns-is-layout-flex\">\n<div class=\"wp-block-column is-layout-flow wp-block-column-is-layout-flow\">\n<p class=\"has-text-align-center\" style=\"font-size:15px\">El curso de nivel 1 cubre los fundamentos t\u00e9cnicos y pr\u00e1cticos del trabajo de inspecci\u00f3n de recubrimientos.&nbsp;Los estudiantes estar\u00e1n preparados para realizar inspecciones b\u00e1sicas de revestimiento utilizando t\u00e9cnicas e instrumentaci\u00f3n no destructivas.<\/p>\n\n\n\n<p class=\"has-text-align-center\" style=\"font-size:15px\">Despu\u00e9s de completar el curso de nivel 1, obtenga la Certificaci\u00f3n de Inspector de Recubrimientos B\u00e1sicos.&nbsp;Una certificaci\u00f3n de recubrimientos b\u00e1sicos te otorga el respaldo del Programa de Inspector de Recubrimientos de AMPP que las empresas solicitan por nombre.<\/p>\n<\/div>\n\n\n\n<div class=\"wp-block-column is-layout-flow wp-block-column-is-layout-flow\">\n<p style=\"font-size:15px\">El curso de nivel 2 se enfoca en t\u00e9cnicas de inspecci\u00f3n avanzadas y m\u00e9todos de aplicaci\u00f3n especializados para sustratos de acero y no acero, incluido el concreto.<\/p>\n\n\n\n<p style=\"font-size:15px\">Contin\u00fae su educaci\u00f3n despu\u00e9s de tomar el curso de Nivel 2 al obtener una certificaci\u00f3n de inspector de recubrimientos certificado.&nbsp;Una certificaci\u00f3n de Inspector de recubrimientos certificado por AMPP lo distingue de sus pares y lo coloca por delante de los profesionales certificados en recubrimientos b\u00e1sicos.<\/p>\n\n\n\n<p><\/p>\n\n\n\n<p><\/p>\n<\/div>\n\n\n\n<div class=\"wp-block-column is-layout-flow wp-block-column-is-layout-flow\">\n<p style=\"font-size:15px\">El curso de nivel 3 es para Inspectores Certificados de Recubrimientos experimentados que buscan obtener el reconocimiento como Inspector Certificado Superior de Recubrimientos.&nbsp;Los candidatos deben tener conocimiento experto en todas las \u00e1reas de inspecci\u00f3n de recubrimientos, que incluyen: preparaci\u00f3n de superficies, tipos de recubrimientos, criterios de inspecci\u00f3n, pruebas de laboratorio y modos de falla para varios recubrimientos, incluidos recubrimientos y revestimientos especializados.<\/p>\n\n\n\n<p style=\"font-size:15px\">Los inspectores de recubrimientos certificados s\u00e9nior de AMPP son reconocidos como expertos en su campo.<\/p>\n<\/div>\n<\/div>\n\n\n\n<div class=\"wp-block-columns is-layout-flex wp-container-core-columns-is-layout-9d6595d7 wp-block-columns-is-layout-flex\">\n<div class=\"wp-block-column is-layout-flow wp-block-column-is-layout-flow\">\n<figure class=\"wp-block-image size-full\"><img decoding=\"async\" src=\"http:\/\/www.amppperu.com\/wp-content\/uploads\/2022\/08\/CIP1.jpg\" alt=\"\" class=\"wp-image-183\"\/><\/figure>\n<\/div>\n\n\n\n<div class=\"wp-block-column is-layout-flow wp-block-column-is-layout-flow\">\n<figure class=\"wp-block-image size-large\"><img decoding=\"async\" src=\"http:\/\/www.amppperu.com\/wp-content\/uploads\/2022\/08\/20190909_103652-1024x768.jpg\" alt=\"\" class=\"wp-image-184\"\/><\/figure>\n<\/div>\n\n\n\n<div class=\"wp-block-column is-layout-flow wp-block-column-is-layout-flow\">\n<figure class=\"wp-block-image size-large\"><img decoding=\"async\" src=\"http:\/\/www.amppperu.com\/wp-content\/uploads\/2022\/08\/SAM_0466-1024x768.jpg\" alt=\"\" class=\"wp-image-194\"\/><\/figure>\n<\/div>\n<\/div>\n\n\n\n<div class=\"wp-block-columns is-layout-flex wp-container-core-columns-is-layout-9d6595d7 wp-block-columns-is-layout-flex\">\n<div class=\"wp-block-column is-layout-flow wp-block-column-is-layout-flow\">\n<p><strong>Informaci\u00f3n del curso Aqu\u00ed <\/strong><\/p>\n<\/div>\n\n\n\n<div class=\"wp-block-column is-layout-flow wp-block-column-is-layout-flow\">\n<p><strong>Informaci\u00f3n del curso Aqu\u00ed<\/strong><\/p>\n<\/div>\n\n\n\n<div class=\"wp-block-column is-layout-flow wp-block-column-is-layout-flow\">\n<p><strong>Informaci\u00f3n del curso Aqu\u00ed<\/strong><\/p>\n<\/div>\n<\/div>\n","protected":false},"excerpt":{"rendered":"<p>Programa de Inspector de Recubrimientos Durante m\u00e1s de 30 a\u00f1os, las certificaciones de inspecci\u00f3n de recubrimientos NACE y SSPC han establecido el est\u00e1ndar mundial para los inspectores en la industria de recubrimientos protectores.&nbsp;Las organizaciones reconocen y especifican el Programa de Certificaci\u00f3n de Inspectores de Recubrimientos (CIP) de NACE y los programas de Inspectores de Recubrimientos [&hellip;]<\/p>\n","protected":false},"author":1,"featured_media":0,"parent":0,"menu_order":0,"comment_status":"closed","ping_status":"closed","template":"","meta":{"footnotes":""},"class_list":["post-106","page","type-page","status-publish","hentry"],"_links":{"self":[{"href":"https:\/\/www.amppperu.com\/index.php\/wp-json\/wp\/v2\/pages\/106","targetHints":{"allow":["GET"]}}],"collection":[{"href":"https:\/\/www.amppperu.com\/index.php\/wp-json\/wp\/v2\/pages"}],"about":[{"href":"https:\/\/www.amppperu.com\/index.php\/wp-json\/wp\/v2\/types\/page"}],"author":[{"embeddable":true,"href":"https:\/\/www.amppperu.com\/index.php\/wp-json\/wp\/v2\/users\/1"}],"replies":[{"embeddable":true,"href":"https:\/\/www.amppperu.com\/index.php\/wp-json\/wp\/v2\/comments?post=106"}],"version-history":[{"count":23,"href":"https:\/\/www.amppperu.com\/index.php\/wp-json\/wp\/v2\/pages\/106\/revisions"}],"predecessor-version":[{"id":778,"href":"https:\/\/www.amppperu.com\/index.php\/wp-json\/wp\/v2\/pages\/106\/revisions\/778"}],"wp:attachment":[{"href":"https:\/\/www.amppperu.com\/index.php\/wp-json\/wp\/v2\/media?parent=106"}],"curies":[{"name":"wp","href":"https:\/\/api.w.org\/{rel}","templated":true}]}}