{"id":109,"date":"2022-08-09T21:52:03","date_gmt":"2022-08-09T21:52:03","guid":{"rendered":"http:\/\/www.amppperu.com\/?page_id=109"},"modified":"2023-05-26T10:53:08","modified_gmt":"2023-05-26T15:53:08","slug":"proteccion-catodica","status":"publish","type":"page","link":"https:\/\/www.amppperu.com\/index.php\/proteccion-catodica\/","title":{"rendered":"Protecci\u00f3n Cat\u00f3dica"},"content":{"rendered":"\n<div class=\"wp-block-columns is-layout-flex wp-container-core-columns-is-layout-9d6595d7 wp-block-columns-is-layout-flex\">\n<div class=\"wp-block-column is-layout-flow wp-block-column-is-layout-flow\"><div class=\"wp-block-image\">\n<figure class=\"aligncenter size-full is-resized\"><img loading=\"lazy\" decoding=\"async\" src=\"https:\/\/www.amppperu.com\/wp-content\/uploads\/2022\/08\/Virtual-.jpg\" alt=\"\" class=\"wp-image-553\" width=\"393\" height=\"508\" srcset=\"https:\/\/www.amppperu.com\/wp-content\/uploads\/2022\/08\/Virtual-.jpg 297w, https:\/\/www.amppperu.com\/wp-content\/uploads\/2022\/08\/Virtual--232x300.jpg 232w\" sizes=\"auto, (max-width: 393px) 100vw, 393px\" \/><\/figure>\n<\/div><\/div>\n\n\n\n<div class=\"wp-block-column is-layout-flow wp-block-column-is-layout-flow\">\n<h4 class=\"wp-block-heading\"><strong>Programa de Protecci\u00f3n Cat\u00f3dica<\/strong><\/h4>\n\n\n\n<p style=\"font-size:16px\">Un componente cr\u00edtico de la mitigaci\u00f3n de la\ncorrosi\u00f3n, la protecci\u00f3n cat\u00f3dica es un proceso electroqu\u00edmico para controlar\nla corrosi\u00f3n de una superficie met\u00e1lica mediante la transferencia de la\ncorrosi\u00f3n desde la estructura protegida a un metal corro\u00eddo m\u00e1s f\u00e1cilmente.<\/p>\n\n\n\n<p style=\"font-size:16px\">El \u00fanico programa de este tipo y un est\u00e1ndar de la\nindustria, el Programa de Protecci\u00f3n Cat\u00f3dica de NACE brinda a los estudiantes\nlos fundamentos te\u00f3ricos y pr\u00e1cticos para probar, evaluar y dise\u00f1ar sistemas de\nprotecci\u00f3n cat\u00f3dica actuales tanto galv\u00e1nicos como impresos.&nbsp;Como el\nprograma m\u00e1s reconocido y especificado en el mundo, este conjunto completo de\ncursos presenta estudio en el aula, discusi\u00f3n y pr\u00e1ctica pr\u00e1ctica en el campo,\nlo que lo hace ideal para el personal de campo, ingenieros, gerentes de\nproyectos y vendedores t\u00e9cnicos.<\/p>\n<\/div>\n<\/div>\n\n\n\n<div class=\"wp-block-columns is-layout-flex wp-container-core-columns-is-layout-9d6595d7 wp-block-columns-is-layout-flex\">\n<div class=\"wp-block-column is-layout-flow wp-block-column-is-layout-flow\"><\/div>\n<\/div>\n\n\n\n<div class=\"wp-block-columns is-layout-flex wp-container-core-columns-is-layout-9d6595d7 wp-block-columns-is-layout-flex\">\n<div class=\"wp-block-column is-vertically-aligned-center is-layout-flow wp-block-column-is-layout-flow\">\n<h4 class=\"has-text-align-center wp-block-heading\"><strong><a href=\"https:\/\/www.ampp.org\/education\/education-resources\/courses-by-program\/cathodic-protection\/cp-tester\" target=\"_blank\" rel=\"noreferrer noopener\">CP 1 &#8211; Tester<\/a><\/strong><\/h4>\n\n\n<div class=\"wp-block-image\">\n<figure class=\"aligncenter size-full is-resized\"><img loading=\"lazy\" decoding=\"async\" src=\"https:\/\/www.amppperu.com\/wp-content\/uploads\/2022\/08\/CP-TechnicianCert.jpg\" alt=\"\" class=\"wp-image-562\" width=\"338\" height=\"225\" srcset=\"https:\/\/www.amppperu.com\/wp-content\/uploads\/2022\/08\/CP-TechnicianCert.jpg 600w, https:\/\/www.amppperu.com\/wp-content\/uploads\/2022\/08\/CP-TechnicianCert-300x201.jpg 300w\" sizes=\"auto, (max-width: 338px) 100vw, 338px\" \/><\/figure>\n<\/div><\/div>\n\n\n\n<div class=\"wp-block-column is-vertically-aligned-center is-layout-flow wp-block-column-is-layout-flow\">\n<h4 class=\"has-text-align-center wp-block-heading\"><strong><a href=\"https:\/\/www.ampp.org\/education\/education-resources\/courses-by-program\/cathodic-protection\/cp-technician\" target=\"_blank\" rel=\"noreferrer noopener\">CP 2 &#8211; Technician<\/a><\/strong><\/h4>\n\n\n<div class=\"wp-block-image\">\n<figure class=\"aligncenter size-full is-resized\"><img loading=\"lazy\" decoding=\"async\" src=\"https:\/\/www.amppperu.com\/wp-content\/uploads\/2022\/08\/CP-1-1.jpg\" alt=\"\" class=\"wp-image-560\" width=\"342\" height=\"228\" srcset=\"https:\/\/www.amppperu.com\/wp-content\/uploads\/2022\/08\/CP-1-1.jpg 600w, https:\/\/www.amppperu.com\/wp-content\/uploads\/2022\/08\/CP-1-1-300x200.jpg 300w\" sizes=\"auto, (max-width: 342px) 100vw, 342px\" \/><\/figure>\n<\/div><\/div>\n<\/div>\n\n\n\n<div class=\"wp-block-columns is-layout-flex wp-container-core-columns-is-layout-9d6595d7 wp-block-columns-is-layout-flex\">\n<div class=\"wp-block-column is-layout-flow wp-block-column-is-layout-flow\">\n<p class=\"has-text-align-center\" style=\"font-size:16px\">Este curso proporciona conocimientos te\u00f3ricos y t\u00e9cnicas pr\u00e1cticas para probar y evaluar datos para determinar la efectividad de los sistemas de CP actuales tanto galv\u00e1nicos como impresos y para recopilar datos de dise\u00f1o.<\/p>\n<\/div>\n\n\n\n<div class=\"wp-block-column is-layout-flow wp-block-column-is-layout-flow\">\n<p class=\"has-text-align-center\" style=\"font-size:16px\">Este curso proporciona capacitaci\u00f3n de nivel intermedio tanto en conocimiento te\u00f3rico como en t\u00e9cnicas pr\u00e1cticas para probar y evaluar datos para determinar la efectividad de los sistemas de CP actuales tanto galv\u00e1nicos como impresos y para recopilar datos de dise\u00f1o.<\/p>\n<\/div>\n<\/div>\n\n\n\n<div class=\"wp-block-columns is-layout-flex wp-container-core-columns-is-layout-9d6595d7 wp-block-columns-is-layout-flex\">\n<div class=\"wp-block-column is-layout-flow wp-block-column-is-layout-flow\">\n<h4 class=\"has-text-align-center wp-block-heading\">CP 3 &#8211; Technologist<\/h4>\n\n\n<div class=\"wp-block-image\">\n<figure class=\"aligncenter size-full is-resized\"><img loading=\"lazy\" decoding=\"async\" src=\"https:\/\/www.amppperu.com\/wp-content\/uploads\/2022\/09\/CP-3.jpg\" alt=\"\" class=\"wp-image-600\" width=\"345\" height=\"230\" srcset=\"https:\/\/www.amppperu.com\/wp-content\/uploads\/2022\/09\/CP-3.jpg 600w, https:\/\/www.amppperu.com\/wp-content\/uploads\/2022\/09\/CP-3-300x200.jpg 300w\" sizes=\"auto, (max-width: 345px) 100vw, 345px\" \/><\/figure>\n<\/div>\n\n\n<p class=\"has-text-align-center\" style=\"font-size:16px\">El curso CP3 se basa en la tecnolog\u00eda presentada en el curso CP2 con un fuerte enfoque en la interpretaci\u00f3n de datos CP, soluci\u00f3n de problemas y migraci\u00f3n de problemas que surgen en sistemas de corriente galv\u00e1nica e impresa, incluidos los c\u00e1lculos de dise\u00f1o para estos sistemas.<\/p>\n<\/div>\n\n\n\n<div class=\"wp-block-column is-layout-flow wp-block-column-is-layout-flow\">\n<h4 class=\"has-text-align-center wp-block-heading\">CP 4 &#8211; Specialist<\/h4>\n\n\n<div class=\"wp-block-image\">\n<figure class=\"aligncenter size-full is-resized\"><img loading=\"lazy\" decoding=\"async\" src=\"https:\/\/www.amppperu.com\/wp-content\/uploads\/2022\/09\/CP-4.jpg\" alt=\"\" class=\"wp-image-601\" width=\"344\" height=\"229\" srcset=\"https:\/\/www.amppperu.com\/wp-content\/uploads\/2022\/09\/CP-4.jpg 600w, https:\/\/www.amppperu.com\/wp-content\/uploads\/2022\/09\/CP-4-300x200.jpg 300w\" sizes=\"auto, (max-width: 344px) 100vw, 344px\" \/><\/figure>\n<\/div>\n\n\n<p class=\"has-text-align-center\" style=\"font-size:16px\">El curso CP4 se enfoca en los principios y procedimientos para el dise\u00f1o de CP en una variedad de estructuras para sistemas de corriente impresa y galv\u00e1nica.&nbsp;El curso analiza conceptos de dise\u00f1o te\u00f3rico, consideraciones que influyen en el dise\u00f1o (ambiente, tipo de estructura\/materiales de construcci\u00f3n, revestimientos), factores de dise\u00f1o y c\u00e1lculos (incluida la atenuaci\u00f3n).<\/p>\n<\/div>\n<\/div>\n","protected":false},"excerpt":{"rendered":"<p>Programa de Protecci\u00f3n Cat\u00f3dica Un componente cr\u00edtico de la mitigaci\u00f3n de la corrosi\u00f3n, la protecci\u00f3n cat\u00f3dica es un proceso electroqu\u00edmico para controlar la corrosi\u00f3n de una superficie met\u00e1lica mediante la transferencia de la corrosi\u00f3n desde la estructura protegida a un metal corro\u00eddo m\u00e1s f\u00e1cilmente. El \u00fanico programa de este tipo y un est\u00e1ndar de la [&hellip;]<\/p>\n","protected":false},"author":1,"featured_media":0,"parent":0,"menu_order":0,"comment_status":"closed","ping_status":"closed","template":"","meta":{"footnotes":""},"class_list":["post-109","page","type-page","status-publish","hentry"],"_links":{"self":[{"href":"https:\/\/www.amppperu.com\/index.php\/wp-json\/wp\/v2\/pages\/109","targetHints":{"allow":["GET"]}}],"collection":[{"href":"https:\/\/www.amppperu.com\/index.php\/wp-json\/wp\/v2\/pages"}],"about":[{"href":"https:\/\/www.amppperu.com\/index.php\/wp-json\/wp\/v2\/types\/page"}],"author":[{"embeddable":true,"href":"https:\/\/www.amppperu.com\/index.php\/wp-json\/wp\/v2\/users\/1"}],"replies":[{"embeddable":true,"href":"https:\/\/www.amppperu.com\/index.php\/wp-json\/wp\/v2\/comments?post=109"}],"version-history":[{"count":12,"href":"https:\/\/www.amppperu.com\/index.php\/wp-json\/wp\/v2\/pages\/109\/revisions"}],"predecessor-version":[{"id":776,"href":"https:\/\/www.amppperu.com\/index.php\/wp-json\/wp\/v2\/pages\/109\/revisions\/776"}],"wp:attachment":[{"href":"https:\/\/www.amppperu.com\/index.php\/wp-json\/wp\/v2\/media?parent=109"}],"curies":[{"name":"wp","href":"https:\/\/api.w.org\/{rel}","templated":true}]}}