{"id":134,"date":"2022-08-09T23:07:41","date_gmt":"2022-08-09T23:07:41","guid":{"rendered":"http:\/\/www.amppperu.com\/?page_id=134"},"modified":"2022-08-10T00:27:59","modified_gmt":"2022-08-10T00:27:59","slug":"membresia-individual","status":"publish","type":"page","link":"https:\/\/www.amppperu.com\/index.php\/membresia-individual\/","title":{"rendered":"Membres\u00eda Individual"},"content":{"rendered":"\n<figure class=\"wp-block-image size-full is-resized\"><a href=\"https:\/\/www.ampp.org\/membership\/membership-types\/individual-membership\" target=\"_blank\" rel=\"noreferrer noopener\"><img loading=\"lazy\" decoding=\"async\" src=\"http:\/\/www.amppperu.com\/wp-content\/uploads\/2022\/08\/Membresia-individual-1-1.jpg\" alt=\"\" class=\"wp-image-143\" width=\"841\" height=\"286\" srcset=\"https:\/\/www.amppperu.com\/wp-content\/uploads\/2022\/08\/Membresia-individual-1-1.jpg 646w, https:\/\/www.amppperu.com\/wp-content\/uploads\/2022\/08\/Membresia-individual-1-1-300x102.jpg 300w\" sizes=\"auto, (max-width: 841px) 100vw, 841px\" \/><\/a><figcaption><em>Demuestra tu compromiso con tu profesi\u00f3n y la industria.\u00a0 Convi\u00e9rtase en miembro de la mayor comunidad mundial de profesionales de recubrimientos protectores y contra la corrosi\u00f3n.<\/em><\/figcaption><\/figure>\n\n\n\n<p style=\"font-size:16px\">Los miembros de AMPP representan a todas las industrias importantes y pertenecen tanto al sector comercial como al industrial.&nbsp;Los miembros son profesionales y contratistas de recubrimientos, t\u00e9cnicos e inspectores, ingenieros e investigadores, as\u00ed como acad\u00e9micos.<\/p>\n\n\n\n<p style=\"font-size:16px\">La membres\u00eda en esta comunidad \u00fanica permite a quienes se dedican a proteger los activos y la infraestructura:<\/p>\n\n\n\n<ul class=\"wp-block-list\" style=\"font-size:16px\"><li>asociarse f\u00e1cilmente con personas de ideas afines<\/li><li>intercambiar ideas<\/li><li>ampliar redes<\/li><li>construye tu carrera<\/li><li>devolver a la industria<\/li><\/ul>\n\n\n\n<p style=\"font-size:16px\">La membres\u00eda de AMPP se enfoca en el reconocimiento individual, el acceso al conocimiento y la conexi\u00f3n a una amplia red de la industria.&nbsp;Como miembro, tambi\u00e9n recibir\u00e1 ahorros en los productos, programas y servicios l\u00edderes en la industria de AMPP con precios especiales solo para miembros.<\/p>\n\n\n\n<h5 class=\"has-text-align-center wp-block-heading\"><strong>Elija el nivel de membres\u00eda que mejor se adapte a tus necesidades y etapa de carrera.<\/strong><\/h5>\n\n\n\n<div class=\"wp-block-columns is-layout-flex wp-container-core-columns-is-layout-9d6595d7 wp-block-columns-is-layout-flex\">\n<div class=\"wp-block-column is-layout-flow wp-block-column-is-layout-flow\">\n<p class=\"has-text-align-center\" style=\"font-size:16px\">Premiun <br>Est\u00e1ndar<br>Profesional Joven<br>Profesional tercera edad<br>Estudiante <\/p>\n<\/div>\n\n\n\n<div class=\"wp-block-column is-vertically-aligned-center is-layout-flow wp-block-column-is-layout-flow\"><div class=\"wp-block-image\">\n<figure class=\"aligncenter size-full\"><img decoding=\"async\" src=\"http:\/\/www.amppperu.com\/wp-content\/uploads\/2022\/08\/Membresia-removebg-preview.png\" alt=\"\" class=\"wp-image-149\"\/><\/figure>\n<\/div><\/div>\n<\/div>\n","protected":false},"excerpt":{"rendered":"<p>Los miembros de AMPP representan a todas las industrias importantes y pertenecen tanto al sector comercial como al industrial.&nbsp;Los miembros son profesionales y contratistas de recubrimientos, t\u00e9cnicos e inspectores, ingenieros e investigadores, as\u00ed como acad\u00e9micos. La membres\u00eda en esta comunidad \u00fanica permite a quienes se dedican a proteger los activos y la infraestructura: asociarse f\u00e1cilmente [&hellip;]<\/p>\n","protected":false},"author":1,"featured_media":0,"parent":0,"menu_order":0,"comment_status":"closed","ping_status":"closed","template":"","meta":{"footnotes":""},"class_list":["post-134","page","type-page","status-publish","hentry"],"_links":{"self":[{"href":"https:\/\/www.amppperu.com\/index.php\/wp-json\/wp\/v2\/pages\/134","targetHints":{"allow":["GET"]}}],"collection":[{"href":"https:\/\/www.amppperu.com\/index.php\/wp-json\/wp\/v2\/pages"}],"about":[{"href":"https:\/\/www.amppperu.com\/index.php\/wp-json\/wp\/v2\/types\/page"}],"author":[{"embeddable":true,"href":"https:\/\/www.amppperu.com\/index.php\/wp-json\/wp\/v2\/users\/1"}],"replies":[{"embeddable":true,"href":"https:\/\/www.amppperu.com\/index.php\/wp-json\/wp\/v2\/comments?post=134"}],"version-history":[{"count":9,"href":"https:\/\/www.amppperu.com\/index.php\/wp-json\/wp\/v2\/pages\/134\/revisions"}],"predecessor-version":[{"id":152,"href":"https:\/\/www.amppperu.com\/index.php\/wp-json\/wp\/v2\/pages\/134\/revisions\/152"}],"wp:attachment":[{"href":"https:\/\/www.amppperu.com\/index.php\/wp-json\/wp\/v2\/media?parent=134"}],"curies":[{"name":"wp","href":"https:\/\/api.w.org\/{rel}","templated":true}]}}