{"id":136,"date":"2022-08-09T23:08:24","date_gmt":"2022-08-09T23:08:24","guid":{"rendered":"http:\/\/www.amppperu.com\/?page_id=136"},"modified":"2022-08-11T02:20:25","modified_gmt":"2022-08-11T02:20:25","slug":"membresia-corporativa","status":"publish","type":"page","link":"https:\/\/www.amppperu.com\/index.php\/membresia-corporativa\/","title":{"rendered":"Membres\u00eda Corporativa"},"content":{"rendered":"<div class=\"wp-block-image\">\n<figure class=\"aligncenter size-full is-resized\"><a href=\"https:\/\/www.ampp.org\/membership\/membership-types\/corporate-membership\" target=\"_blank\" rel=\"noreferrer noopener\"><img loading=\"lazy\" decoding=\"async\" src=\"http:\/\/www.amppperu.com\/wp-content\/uploads\/2022\/08\/Membresia-Corporativa-1.jpg\" alt=\"\" class=\"wp-image-202\" width=\"838\" height=\"285\" srcset=\"https:\/\/www.amppperu.com\/wp-content\/uploads\/2022\/08\/Membresia-Corporativa-1.jpg 646w, https:\/\/www.amppperu.com\/wp-content\/uploads\/2022\/08\/Membresia-Corporativa-1-300x102.jpg 300w\" sizes=\"auto, (max-width: 838px) 100vw, 838px\" \/><\/a><figcaption><em>Eleve a su empresa dentro de la industria mientras brinda a su equipo acceso a los recursos necesarios para avanzar en sus carreras y en su organizaci\u00f3n.<\/em><\/figcaption><\/figure>\n<\/div>\n\n\n<p style=\"font-size:16px\">\u00bfEst\u00e1 buscando una manera de darle a su empresa una ventaja adicional frente a la competencia?\u00a0\u00bfDesea brindar a sus empleados herramientas para mantenerse actualizados, una red de contactos para ayudarlos a resolver los desaf\u00edos del proyecto y los recursos para desarrollarse profesionalmente?\u00a0La membres\u00eda corporativa en la asociaci\u00f3n m\u00e1s respetada del mundo para la protecci\u00f3n y el rendimiento de los materiales puede hacer ambas cosas con opciones de membres\u00eda que crean valor real para los empleados y las organizaciones.<\/p>\n\n\n\n<p style=\"font-size:16px\">Algunos de los muchos beneficios de la afiliaci\u00f3n a AMPP incluyen:<\/p>\n\n\n\n<ul class=\"wp-block-list\" style=\"font-size:16px\"><li>Exposici\u00f3n entre la industria y sus l\u00edderes<\/li><li>Reconocimiento dentro de su sector de mercado<\/li><li>Demostraci\u00f3n a los solicitantes de empleo de su dedicaci\u00f3n para mantenerse a la vanguardia de su<br>industria<\/li><li>Acceso a est\u00e1ndares y recursos tecnol\u00f3gicos<\/li><li>Ahorros en los mejores programas de educaci\u00f3n y certificaci\u00f3n en el negocio<\/li><\/ul>\n\n\n\n<h6 class=\"has-text-align-center wp-block-heading\"><strong>Elija el paquete de membres\u00eda corporativa que brinde la combinaci\u00f3n correcta de beneficios para las personas dentro de su empresa y aquellos que m\u00e1s beneficiar\u00e1n a su organizaci\u00f3n.<\/strong><\/h6>\n\n\n\n<div class=\"wp-block-columns is-layout-flex wp-container-core-columns-is-layout-9d6595d7 wp-block-columns-is-layout-flex\">\n<div class=\"wp-block-column is-layout-flow wp-block-column-is-layout-flow\">\n<p class=\"has-text-align-center\"><strong>Afiliado<\/strong><\/p>\n\n\n\n<p class=\"has-text-align-center\" style=\"font-size:16px\">Costo: USD $8,500 Anual<\/p>\n<\/div>\n\n\n\n<div class=\"wp-block-column is-layout-flow wp-block-column-is-layout-flow\">\n<p class=\"has-text-align-center\"><strong>Asociado<\/strong><\/p>\n\n\n\n<p class=\"has-text-align-center\" style=\"font-size:16px\">Costo: USD $4,500 Anual<\/p>\n<\/div>\n\n\n\n<div class=\"wp-block-column is-layout-flow wp-block-column-is-layout-flow\">\n<p class=\"has-text-align-center\"><strong>Patr\u00f3n<\/strong><\/p>\n\n\n\n<p class=\"has-text-align-center\" style=\"font-size:16px\">Costo: USD $1,000 Anual<\/p>\n<\/div>\n<\/div>\n\n\n\n<p class=\"has-black-color has-text-color\" style=\"font-size:16px\"><a href=\"https:\/\/my.ampp.org\/Membership\/CorporateMembers.aspx?_gl=1*y87x8r*_ga*MTAyMzc4NTE2My4xNjMyNzYxNjIz*_ga_SSMRX1KC1H*MTY2MDE4NDI5My4xMDkuMC4xNjYwMTg0MzAwLjUz\" target=\"_blank\" rel=\"noreferrer noopener\">Vea todos los miembros Corporativos<\/a><\/p>\n","protected":false},"excerpt":{"rendered":"<p>\u00bfEst\u00e1 buscando una manera de darle a su empresa una ventaja adicional frente a la competencia?\u00a0\u00bfDesea brindar a sus empleados herramientas para mantenerse actualizados, una red de contactos para ayudarlos a resolver los desaf\u00edos del proyecto y los recursos para desarrollarse profesionalmente?\u00a0La membres\u00eda corporativa en la asociaci\u00f3n m\u00e1s respetada del mundo para la protecci\u00f3n y [&hellip;]<\/p>\n","protected":false},"author":1,"featured_media":0,"parent":0,"menu_order":0,"comment_status":"closed","ping_status":"closed","template":"","meta":{"footnotes":""},"class_list":["post-136","page","type-page","status-publish","hentry"],"_links":{"self":[{"href":"https:\/\/www.amppperu.com\/index.php\/wp-json\/wp\/v2\/pages\/136","targetHints":{"allow":["GET"]}}],"collection":[{"href":"https:\/\/www.amppperu.com\/index.php\/wp-json\/wp\/v2\/pages"}],"about":[{"href":"https:\/\/www.amppperu.com\/index.php\/wp-json\/wp\/v2\/types\/page"}],"author":[{"embeddable":true,"href":"https:\/\/www.amppperu.com\/index.php\/wp-json\/wp\/v2\/users\/1"}],"replies":[{"embeddable":true,"href":"https:\/\/www.amppperu.com\/index.php\/wp-json\/wp\/v2\/comments?post=136"}],"version-history":[{"count":10,"href":"https:\/\/www.amppperu.com\/index.php\/wp-json\/wp\/v2\/pages\/136\/revisions"}],"predecessor-version":[{"id":210,"href":"https:\/\/www.amppperu.com\/index.php\/wp-json\/wp\/v2\/pages\/136\/revisions\/210"}],"wp:attachment":[{"href":"https:\/\/www.amppperu.com\/index.php\/wp-json\/wp\/v2\/media?parent=136"}],"curies":[{"name":"wp","href":"https:\/\/api.w.org\/{rel}","templated":true}]}}