{"id":2,"date":"2022-08-08T20:46:20","date_gmt":"2022-08-08T20:46:20","guid":{"rendered":"http:\/\/www.amppperu.com\/?page_id=2"},"modified":"2022-08-14T19:26:17","modified_gmt":"2022-08-15T00:26:17","slug":"nosotros-2","status":"publish","type":"page","link":"https:\/\/www.amppperu.com\/index.php\/nosotros-2\/","title":{"rendered":"Nosotros"},"content":{"rendered":"\n<div class=\"wp-block-columns is-layout-flex wp-container-core-columns-is-layout-9d6595d7 wp-block-columns-is-layout-flex\">\n<div class=\"wp-block-column is-vertically-aligned-center is-layout-flow wp-block-column-is-layout-flow\" style=\"flex-basis:33.33%\">\n<figure class=\"wp-block-image size-full\"><img loading=\"lazy\" decoding=\"async\" width=\"736\" height=\"339\" src=\"http:\/\/www.amppperu.com\/wp-content\/uploads\/2022\/08\/APICORR-removebg.png\" alt=\"\" class=\"wp-image-59\" srcset=\"https:\/\/www.amppperu.com\/wp-content\/uploads\/2022\/08\/APICORR-removebg.png 736w, https:\/\/www.amppperu.com\/wp-content\/uploads\/2022\/08\/APICORR-removebg-300x138.png 300w\" sizes=\"auto, (max-width: 736px) 100vw, 736px\" \/><\/figure>\n<\/div>\n\n\n\n<div class=\"wp-block-column is-layout-flow wp-block-column-is-layout-flow\" style=\"flex-basis:66.66%\">\n<p style=\"font-size:16px\"><strong>APICORR<\/strong>, es una instituci\u00f3n sin fines de lucro, con personer\u00eda jur\u00eddica, administraci\u00f3n y rentas independientes. El objetivo de nuestra Asociaci\u00f3n es desarrollar entre miembros y dem\u00e1s interesados el intercambio de informaci\u00f3n e investigaci\u00f3n de la situaci\u00f3n y los problemas relacionados con la corrosi\u00f3n; as\u00ed como, concientizar a la comunidad empresarial sobre la importancia de tomar las medidas correctivas necesarias sobre el particular.<\/p>\n<\/div>\n<\/div>\n\n\n\n<div class=\"wp-block-columns is-layout-flex wp-container-core-columns-is-layout-9d6595d7 wp-block-columns-is-layout-flex\">\n<div class=\"wp-block-column is-vertically-aligned-center is-layout-flow wp-block-column-is-layout-flow\" style=\"flex-basis:33.33%\">\n<figure class=\"wp-block-image size-full\"><img loading=\"lazy\" decoding=\"async\" width=\"960\" height=\"540\" src=\"http:\/\/www.amppperu.com\/wp-content\/uploads\/2022\/08\/14242433_1761990910745349_1076920475977360483_o.jpg\" alt=\"\" class=\"wp-image-46\" srcset=\"https:\/\/www.amppperu.com\/wp-content\/uploads\/2022\/08\/14242433_1761990910745349_1076920475977360483_o.jpg 960w, https:\/\/www.amppperu.com\/wp-content\/uploads\/2022\/08\/14242433_1761990910745349_1076920475977360483_o-300x169.jpg 300w, https:\/\/www.amppperu.com\/wp-content\/uploads\/2022\/08\/14242433_1761990910745349_1076920475977360483_o-768x432.jpg 768w\" sizes=\"auto, (max-width: 960px) 100vw, 960px\" \/><\/figure>\n\n\n\n<figure class=\"wp-block-image size-full\"><img loading=\"lazy\" decoding=\"async\" width=\"619\" height=\"123\" src=\"http:\/\/www.amppperu.com\/wp-content\/uploads\/2022\/08\/AMPP_Chapter_PERU_Logo_horizontal.png\" alt=\"\" class=\"wp-image-49\" srcset=\"https:\/\/www.amppperu.com\/wp-content\/uploads\/2022\/08\/AMPP_Chapter_PERU_Logo_horizontal.png 619w, https:\/\/www.amppperu.com\/wp-content\/uploads\/2022\/08\/AMPP_Chapter_PERU_Logo_horizontal-300x60.png 300w\" sizes=\"auto, (max-width: 619px) 100vw, 619px\" \/><\/figure>\n<\/div>\n\n\n\n<div class=\"wp-block-column is-layout-flow wp-block-column-is-layout-flow\" style=\"flex-basis:66.66%\">\n<p class=\"has-text-align-left\" style=\"font-size:16px\">Para cumplir con este objetivo, entre las principales actividades de APICORR est\u00e1n las relacionadas con el funcionamiento de&nbsp;<strong>AMPP Global Center Inc. <\/strong>como <strong>AMPP Cap\u00edtulo Per\u00fa<\/strong>. La asociaci\u00f3n ofrece capacitaci\u00f3n t\u00e9cnica y programas de certificaci\u00f3n en diferentes especialidades, como Recubrimientos, Protecci\u00f3n Cat\u00f3dica, Industria de Tuber\u00edas, Corrosi\u00f3n general, Industria de Refinaci\u00f3n e Integridad. Adicionalmente; organiza eventos con el fin de vincular a los diferentes actores de la industria, tales como: proveedores de servicios y productos, fabricantes, institutos de investigaci\u00f3n, universidades, as\u00ed como a empresas operadoras y propietarias de infraestructura.<\/p>\n<\/div>\n<\/div>\n\n\n<div class=\"wp-block-image\">\n<figure class=\"aligncenter size-large is-resized\"><img loading=\"lazy\" decoding=\"async\" src=\"https:\/\/www.amppperu.com\/wp-content\/uploads\/2022\/08\/AMPP_Logo_highres-removebg-preview-1024x236.png\" alt=\"\" class=\"wp-image-61\" width=\"458\" height=\"105\" srcset=\"https:\/\/www.amppperu.com\/wp-content\/uploads\/2022\/08\/AMPP_Logo_highres-removebg-preview-1024x236.png 1024w, https:\/\/www.amppperu.com\/wp-content\/uploads\/2022\/08\/AMPP_Logo_highres-removebg-preview-300x69.png 300w, https:\/\/www.amppperu.com\/wp-content\/uploads\/2022\/08\/AMPP_Logo_highres-removebg-preview-768x177.png 768w, https:\/\/www.amppperu.com\/wp-content\/uploads\/2022\/08\/AMPP_Logo_highres-removebg-preview.png 1041w\" sizes=\"auto, (max-width: 458px) 100vw, 458px\" \/><\/figure>\n<\/div>\n\n\n<div class=\"wp-block-columns is-layout-flex wp-container-core-columns-is-layout-9d6595d7 wp-block-columns-is-layout-flex\">\n<div class=\"wp-block-column is-layout-flow wp-block-column-is-layout-flow\"><\/div>\n<\/div>\n\n\n\n<div class=\"wp-block-columns is-layout-flex wp-container-core-columns-is-layout-9d6595d7 wp-block-columns-is-layout-flex\">\n<div class=\"wp-block-column is-layout-flow wp-block-column-is-layout-flow\">\n<h3 class=\"has-text-align-center wp-block-heading\"><strong>\u00bfQui\u00e9nes somos?<\/strong><\/h3>\n<\/div>\n<\/div>\n\n\n\n<div class=\"wp-block-columns is-layout-flex wp-container-core-columns-is-layout-9d6595d7 wp-block-columns-is-layout-flex\">\n<div class=\"wp-block-column is-layout-flow wp-block-column-is-layout-flow\">\n<p class=\"has-text-align-center\">AMPP es una comunidad global de profesionales dedicados a la protecci\u00f3n de materiales a trav\u00e9s del avance del control de la corrosi\u00f3n y recubrimientos protectores<\/p>\n<\/div>\n<\/div>\n\n\n\n<h3 class=\"has-text-align-center wp-block-heading\"><strong>\u00bfQu\u00e9 hacemos?<\/strong><\/h3>\n\n\n\n<div class=\"wp-block-columns is-layout-flex wp-container-core-columns-is-layout-9d6595d7 wp-block-columns-is-layout-flex\">\n<div class=\"wp-block-column is-layout-flow wp-block-column-is-layout-flow\"><\/div>\n<\/div>\n\n\n\n<p class=\"has-text-align-center\" style=\"font-size:16px\">AMPP protege la infraestructura y los activos en todo el mundo a trav\u00e9s de la educaci\u00f3n y acreditaci\u00f3n de los miembros y la fuerza laboral, la acreditaci\u00f3n de la empresa, la innovaci\u00f3n tecnol\u00f3gica y la estandarizaci\u00f3n global.&nbsp;<\/p>\n\n\n\n<h3 class=\"has-text-align-center wp-block-heading\"><strong>\u00bfC\u00f3mo avanzamos en la industria?<\/strong><\/h3>\n\n\n\n<div class=\"wp-block-columns is-layout-flex wp-container-core-columns-is-layout-9d6595d7 wp-block-columns-is-layout-flex\">\n<div class=\"wp-block-column is-layout-flow wp-block-column-is-layout-flow\"><\/div>\n<\/div>\n\n\n\n<p class=\"has-text-align-center\" style=\"font-size:16px\">AMPP representa la comunidad mundial m\u00e1s grande de profesionales de recubrimientos protectores y contra la corrosi\u00f3n.&nbsp;Nuestros miembros est\u00e1n dedicados a promover la experiencia t\u00e9cnica y pr\u00e1ctica en la prevenci\u00f3n y el control de la corrosi\u00f3n.&nbsp;AMPP proporciona a los miembros el conocimiento y los recursos para garantizar que se utilicen materiales de alto rendimiento para construir y mantener una infraestructura sostenible.<\/p>\n\n\n\n<blockquote class=\"wp-block-quote has-text-align-center is-layout-flow wp-block-quote-is-layout-flow\"><p>La corrosi\u00f3n es el deterioro de un material, generalmente un metal, que resulta de una reacci\u00f3n&nbsp;<strong>qu\u00edmica<\/strong>&nbsp;o&nbsp;<strong>electroqu\u00edmica<\/strong>&nbsp;con su entorno.<\/p><\/blockquote>\n\n\n<div class=\"wp-block-image\">\n<figure class=\"aligncenter size-full\"><img loading=\"lazy\" decoding=\"async\" width=\"385\" height=\"256\" src=\"http:\/\/www.amppperu.com\/wp-content\/uploads\/2022\/08\/ampp.jpg\" alt=\"\" class=\"wp-image-72\" srcset=\"https:\/\/www.amppperu.com\/wp-content\/uploads\/2022\/08\/ampp.jpg 385w, https:\/\/www.amppperu.com\/wp-content\/uploads\/2022\/08\/ampp-300x199.jpg 300w\" sizes=\"auto, (max-width: 385px) 100vw, 385px\" \/><\/figure>\n<\/div>","protected":false},"excerpt":{"rendered":"<p>APICORR, es una instituci\u00f3n sin fines de lucro, con personer\u00eda jur\u00eddica, administraci\u00f3n y rentas independientes. El objetivo de nuestra Asociaci\u00f3n es desarrollar entre miembros y dem\u00e1s interesados el intercambio de informaci\u00f3n e investigaci\u00f3n de la situaci\u00f3n y los problemas relacionados con la corrosi\u00f3n; as\u00ed como, concientizar a la comunidad empresarial sobre la importancia de tomar [&hellip;]<\/p>\n","protected":false},"author":1,"featured_media":0,"parent":0,"menu_order":0,"comment_status":"closed","ping_status":"closed","template":"","meta":{"footnotes":""},"class_list":["post-2","page","type-page","status-publish","hentry"],"_links":{"self":[{"href":"https:\/\/www.amppperu.com\/index.php\/wp-json\/wp\/v2\/pages\/2","targetHints":{"allow":["GET"]}}],"collection":[{"href":"https:\/\/www.amppperu.com\/index.php\/wp-json\/wp\/v2\/pages"}],"about":[{"href":"https:\/\/www.amppperu.com\/index.php\/wp-json\/wp\/v2\/types\/page"}],"author":[{"embeddable":true,"href":"https:\/\/www.amppperu.com\/index.php\/wp-json\/wp\/v2\/users\/1"}],"replies":[{"embeddable":true,"href":"https:\/\/www.amppperu.com\/index.php\/wp-json\/wp\/v2\/comments?post=2"}],"version-history":[{"count":27,"href":"https:\/\/www.amppperu.com\/index.php\/wp-json\/wp\/v2\/pages\/2\/revisions"}],"predecessor-version":[{"id":571,"href":"https:\/\/www.amppperu.com\/index.php\/wp-json\/wp\/v2\/pages\/2\/revisions\/571"}],"wp:attachment":[{"href":"https:\/\/www.amppperu.com\/index.php\/wp-json\/wp\/v2\/media?parent=2"}],"curies":[{"name":"wp","href":"https:\/\/api.w.org\/{rel}","templated":true}]}}