{"id":20,"date":"2022-08-08T22:30:34","date_gmt":"2022-08-08T22:30:34","guid":{"rendered":"http:\/\/www.amppperu.com\/?page_id=20"},"modified":"2023-11-02T11:19:52","modified_gmt":"2023-11-02T16:19:52","slug":"cursos","status":"publish","type":"page","link":"https:\/\/www.amppperu.com\/index.php\/cursos\/","title":{"rendered":"Cursos"},"content":{"rendered":"\n<div class=\"wp-block-columns is-layout-flex wp-container-core-columns-is-layout-9d6595d7 wp-block-columns-is-layout-flex\">\n<div class=\"wp-block-column is-layout-flow wp-block-column-is-layout-flow\"><div class=\"wp-block-image\">\n<figure class=\"aligncenter size-full is-resized\"><img loading=\"lazy\" decoding=\"async\" src=\"http:\/\/www.amppperu.com\/wp-content\/uploads\/2022\/08\/1CP-1-TESTER-LURIN.jpg\" alt=\"\" class=\"wp-image-89\" width=\"329\" height=\"294\" srcset=\"https:\/\/www.amppperu.com\/wp-content\/uploads\/2022\/08\/1CP-1-TESTER-LURIN.jpg 960w, https:\/\/www.amppperu.com\/wp-content\/uploads\/2022\/08\/1CP-1-TESTER-LURIN-300x269.jpg 300w, https:\/\/www.amppperu.com\/wp-content\/uploads\/2022\/08\/1CP-1-TESTER-LURIN-768x688.jpg 768w\" sizes=\"auto, (max-width: 329px) 100vw, 329px\" \/><\/figure>\n<\/div><\/div>\n\n\n\n<div class=\"wp-block-column is-layout-flow wp-block-column-is-layout-flow\">\n<p style=\"font-size:16px\">Los cursos&nbsp; y certificaciones de&nbsp;<strong>NACE&nbsp; International<\/strong>&nbsp;son los m\u00e1s reconocidos y ampliamente aceptados a nivel mundial en el tema de la corrosi\u00f3n porque&nbsp; prepara, desarrolla y&nbsp;<strong>certifica internacionalmente&nbsp;<\/strong>a las personas para una carrera completa en el tema de la&nbsp;<strong>corrosi\u00f3n<\/strong>, ampliando sus&nbsp; oportunidades laborales y sus ingresos.<\/p>\n\n\n\n<p style=\"font-size:16px\">Reg\u00edstrese ahora en uno de los cursos que se ofrecen&nbsp; para que vea por qu\u00e9 los expertos recomiendan&nbsp; el programa de corrosi\u00f3n de&nbsp;<strong>NACE International<\/strong>, m\u00e1s que cualquier otro programa.<\/p>\n<\/div>\n<\/div>\n\n\n\n<div class=\"wp-block-columns is-layout-flex wp-container-core-columns-is-layout-9d6595d7 wp-block-columns-is-layout-flex\">\n<div class=\"wp-block-column is-layout-flow wp-block-column-is-layout-flow\">\n<h3 class=\"wp-block-heading\"><strong>Conozca nuestros cursos por categor\u00eda:<\/strong><\/h3>\n<\/div>\n<\/div>\n\n\n\n<div class=\"wp-block-columns is-layout-flex wp-container-core-columns-is-layout-9d6595d7 wp-block-columns-is-layout-flex\">\n<div class=\"wp-block-column is-vertically-aligned-center is-layout-flow wp-block-column-is-layout-flow\">\n<p class=\"has-text-align-center has-secondary-color has-text-color\"><strong><a href=\"http:\/\/www.amppperu.com\/index.php\/recubrimientos\/\">Recubrimientos<\/a><\/strong><\/p>\n\n\n\n<p class=\"has-text-align-center has-secondary-color has-text-color\"><strong><a href=\"http:\/\/www.amppperu.com\/index.php\/proteccion-catodica\/\">Protecci\u00f3n Cat\u00f3dica<\/a><\/strong> <\/p>\n\n\n\n<p class=\"has-text-align-center has-black-color has-text-color\"><strong><a href=\"http:\/\/www.amppperu.com\/index.php\/pipeline-industry\/\">Industria de Tuber\u00edas<\/a> <\/strong><\/p>\n\n\n\n<p class=\"has-text-align-center has-black-color has-text-color\"><strong><a href=\"http:\/\/www.amppperu.com\/index.php\/corrosion-general\/\">Corrosi\u00f3n General<\/a><\/strong><\/p>\n<\/div>\n\n\n\n<div class=\"wp-block-column is-layout-flow wp-block-column-is-layout-flow\"><div class=\"wp-block-image\">\n<figure class=\"aligncenter size-full is-resized\"><img loading=\"lazy\" decoding=\"async\" src=\"http:\/\/www.amppperu.com\/wp-content\/uploads\/2022\/08\/30124212_1442145882556026_2153566692355405621_n.jpg\" alt=\"\" class=\"wp-image-95\" width=\"327\" height=\"245\" srcset=\"https:\/\/www.amppperu.com\/wp-content\/uploads\/2022\/08\/30124212_1442145882556026_2153566692355405621_n.jpg 960w, https:\/\/www.amppperu.com\/wp-content\/uploads\/2022\/08\/30124212_1442145882556026_2153566692355405621_n-300x225.jpg 300w, https:\/\/www.amppperu.com\/wp-content\/uploads\/2022\/08\/30124212_1442145882556026_2153566692355405621_n-768x576.jpg 768w\" sizes=\"auto, (max-width: 327px) 100vw, 327px\" \/><\/figure>\n<\/div><\/div>\n<\/div>\n\n\n\n<h3 class=\"wp-block-heading\">Siguientes pasos&#8230;<\/h3>\n\n\n\n<p>Si deseas inscribirte a alguno de los cursos, descarga la ficha de Inscripci\u00f3n y env\u00edala al correo <a href=\"mailto:informes@amppperu.com\">informes@amppperu.com<\/a><\/p>\n\n\n\n<div class=\"wp-block-buttons is-layout-flex wp-block-buttons-is-layout-flex\">\n<div class=\"wp-block-button aligncenter is-style-fill\"><a class=\"wp-block-button__link has-white-color has-vivid-red-background-color has-text-color has-background wp-element-button\" href=\"http:\/\/www.amppperu.com\/wp-content\/uploads\/2022\/08\/FORMATO-DE-INSCRIPCION-CURSOS-AMPP.docx\" target=\"_blank\" rel=\"noreferrer noopener\">Ficha de Inscripci\u00f3n<\/a><\/div>\n<\/div>\n","protected":false},"excerpt":{"rendered":"<p>Los cursos&nbsp; y certificaciones de&nbsp;NACE&nbsp; International&nbsp;son los m\u00e1s reconocidos y ampliamente aceptados a nivel mundial en el tema de la corrosi\u00f3n porque&nbsp; prepara, desarrolla y&nbsp;certifica internacionalmente&nbsp;a las personas para una carrera completa en el tema de la&nbsp;corrosi\u00f3n, ampliando sus&nbsp; oportunidades laborales y sus ingresos. Reg\u00edstrese ahora en uno de los cursos que se ofrecen&nbsp; para [&hellip;]<\/p>\n","protected":false},"author":1,"featured_media":0,"parent":0,"menu_order":0,"comment_status":"closed","ping_status":"closed","template":"","meta":{"footnotes":""},"class_list":["post-20","page","type-page","status-publish","hentry"],"_links":{"self":[{"href":"https:\/\/www.amppperu.com\/index.php\/wp-json\/wp\/v2\/pages\/20","targetHints":{"allow":["GET"]}}],"collection":[{"href":"https:\/\/www.amppperu.com\/index.php\/wp-json\/wp\/v2\/pages"}],"about":[{"href":"https:\/\/www.amppperu.com\/index.php\/wp-json\/wp\/v2\/types\/page"}],"author":[{"embeddable":true,"href":"https:\/\/www.amppperu.com\/index.php\/wp-json\/wp\/v2\/users\/1"}],"replies":[{"embeddable":true,"href":"https:\/\/www.amppperu.com\/index.php\/wp-json\/wp\/v2\/comments?post=20"}],"version-history":[{"count":19,"href":"https:\/\/www.amppperu.com\/index.php\/wp-json\/wp\/v2\/pages\/20\/revisions"}],"predecessor-version":[{"id":793,"href":"https:\/\/www.amppperu.com\/index.php\/wp-json\/wp\/v2\/pages\/20\/revisions\/793"}],"wp:attachment":[{"href":"https:\/\/www.amppperu.com\/index.php\/wp-json\/wp\/v2\/media?parent=20"}],"curies":[{"name":"wp","href":"https:\/\/api.w.org\/{rel}","templated":true}]}}