{"id":217,"date":"2022-08-11T02:40:35","date_gmt":"2022-08-11T02:40:35","guid":{"rendered":"http:\/\/www.amppperu.com\/?page_id=217"},"modified":"2022-08-11T19:03:04","modified_gmt":"2022-08-11T19:03:04","slug":"renovar-certificado","status":"publish","type":"page","link":"https:\/\/www.amppperu.com\/index.php\/renovar-certificado\/","title":{"rendered":"Renovar Certificado"},"content":{"rendered":"\n<div class=\"wp-block-columns is-layout-flex wp-container-core-columns-is-layout-9d6595d7 wp-block-columns-is-layout-flex\">\n<div class=\"wp-block-column is-vertically-aligned-center is-layout-flow wp-block-column-is-layout-flow\"><div class=\"wp-block-image\">\n<figure class=\"aligncenter size-full\"><img loading=\"lazy\" decoding=\"async\" width=\"600\" height=\"400\" src=\"http:\/\/www.amppperu.com\/wp-content\/uploads\/2022\/08\/61393267_1979975348773074_772313034822516736_n.jpg\" alt=\"\" class=\"wp-image-234\" srcset=\"https:\/\/www.amppperu.com\/wp-content\/uploads\/2022\/08\/61393267_1979975348773074_772313034822516736_n.jpg 600w, https:\/\/www.amppperu.com\/wp-content\/uploads\/2022\/08\/61393267_1979975348773074_772313034822516736_n-300x200.jpg 300w\" sizes=\"auto, (max-width: 600px) 100vw, 600px\" \/><\/figure>\n<\/div><\/div>\n\n\n\n<div class=\"wp-block-column is-layout-flow wp-block-column-is-layout-flow\">\n<h4 class=\"has-text-align-center wp-block-heading\"><strong>\u00bfCertificaci\u00f3n a punto de caducar?<\/strong><\/h4>\n\n\n\n<p style=\"font-size:15px\">Renovar su credencial ganada con tanto esfuerzo es simple y toma menos de 10 minutos.&nbsp;Al renovar, evitar\u00e1 las tarifas de restablecimiento o la posible suspensi\u00f3n de su certificaci\u00f3n.&nbsp;Las certificaciones son elegibles para renovaci\u00f3n a partir de 90 d\u00edas antes de la fecha de vencimiento.&nbsp;T\u00f3mese unos minutos hoy para:<\/p>\n\n\n\n<ul class=\"wp-block-list\" style=\"font-size:15px\"><li>Proteja su carrera e inversi\u00f3n manteni\u00e9ndose al d\u00eda<\/li><li>Mantenga su estado certificado y su listado en ampp.org<\/li><li>Conserve su n\u00famero de certificaci\u00f3n actual<\/li><li>Evite las tarifas de reincorporaci\u00f3n y la necesidad de volver a tomar los ex\u00e1menes<\/li><\/ul>\n<\/div>\n<\/div>\n\n\n\n<div class=\"wp-block-buttons is-layout-flex wp-block-buttons-is-layout-flex\">\n<div class=\"wp-block-button aligncenter\"><a class=\"wp-block-button__link has-vivid-red-background-color has-background\" href=\"https:\/\/my.ampp.org\/User\/Login.aspx?ReturnUrl=%2fContactResources%2fClarusJump.aspx%3f_gl%3d1*svq3mq*_ga*MTk2OTQ2MjkzLjE2MzE0NjUzNDM.*_ga_SSMRX1KC1H*MTY2MDE4NjA2NC45Ni4wLjE2NjAxODYwNjQuNjA.&amp;_gl=1*svq3mq*_ga*MTk2OTQ2MjkzLjE2MzE0NjUzNDM.*_ga_SSMRX1KC1H*MTY2MDE4NjA2NC45Ni4wLjE2NjAxODYwNjQuNjA.\" target=\"_blank\" rel=\"noreferrer noopener\">Renueve su certificaci\u00f3n <\/a><\/div>\n<\/div>\n\n\n\n<p><\/p>\n\n\n\n<div class=\"wp-block-columns is-layout-flex wp-container-core-columns-is-layout-9d6595d7 wp-block-columns-is-layout-flex\">\n<div class=\"wp-block-column is-layout-flow wp-block-column-is-layout-flow\" style=\"flex-basis:33.33%\"><\/div>\n\n\n\n<div class=\"wp-block-column is-layout-flow wp-block-column-is-layout-flow\" style=\"flex-basis:66.66%\"><\/div>\n<\/div>\n\n\n\n<figure class=\"wp-block-image size-large\"><a href=\"https:\/\/www.ampp.org\/education\/education-resources\/courses-by-program\/general-corrosion\/ethics-for-the-corrosion-professional\" target=\"_blank\" rel=\"noreferrer noopener\"><img loading=\"lazy\" decoding=\"async\" width=\"1024\" height=\"214\" src=\"http:\/\/www.amppperu.com\/wp-content\/uploads\/2022\/08\/ETICA-2-1024x214.jpg\" alt=\"\" class=\"wp-image-241\" srcset=\"https:\/\/www.amppperu.com\/wp-content\/uploads\/2022\/08\/ETICA-2-1024x214.jpg 1024w, https:\/\/www.amppperu.com\/wp-content\/uploads\/2022\/08\/ETICA-2-300x63.jpg 300w, https:\/\/www.amppperu.com\/wp-content\/uploads\/2022\/08\/ETICA-2-768x161.jpg 768w, https:\/\/www.amppperu.com\/wp-content\/uploads\/2022\/08\/ETICA-2-1536x322.jpg 1536w, https:\/\/www.amppperu.com\/wp-content\/uploads\/2022\/08\/ETICA-2-2048x429.jpg 2048w\" sizes=\"auto, (max-width: 1024px) 100vw, 1024px\" \/><\/a><\/figure>\n\n\n\n<div class=\"wp-block-columns is-layout-flex wp-container-core-columns-is-layout-9d6595d7 wp-block-columns-is-layout-flex\">\n<div class=\"wp-block-column is-layout-flow wp-block-column-is-layout-flow\"><\/div>\n<\/div>\n\n\n\n<h4 class=\"wp-block-heading\"><strong>Recursos de solicitud y renovaci\u00f3n<\/strong><\/h4>\n\n\n\n<ul class=\"wp-block-list\"><li><a rel=\"noreferrer noopener\" href=\"https:\/\/higherlogicdownload.s3.amazonaws.com\/NACE\/45cad4df-d60c-4b07-a130-5d565a501e09\/UploadedImages\/NII-Certification\/pdf\/Credentialing-Check-List.pdf\" target=\"_blank\">Lista de verificaci\u00f3n de certificaci\u00f3n y acreditaci\u00f3n<\/a><\/li><li><a rel=\"noreferrer noopener\" href=\"https:\/\/higherlogicdownload.s3.amazonaws.com\/NACE\/45cad4df-d60c-4b07-a130-5d565a501e09\/UploadedImages\/NII-Certification\/pdf\/Applying-for-Certification_A-Step-by-Step-Guide.pdf\" target=\"_blank\">Solicitud de una certificaci\u00f3n: una gu\u00eda paso a paso<\/a><\/li><li><a rel=\"noreferrer noopener\" href=\"https:\/\/higherlogicdownload.s3.amazonaws.com\/NACE\/cedda8a4-c3c0-4583-b1b6-3b248e6eb1f2\/UploadedImages\/Certification\/pdf\/Credential-Renewal-Process-Step-by-Step-Guide.pdf\" target=\"_blank\">Renovaci\u00f3n de su Certificaci\u00f3n o Credencial: una gu\u00eda paso a paso<\/a><\/li><li><a rel=\"noreferrer noopener\" href=\"https:\/\/higherlogicdownload.s3.amazonaws.com\/NACE\/45cad4df-d60c-4b07-a130-5d565a501e09\/UploadedImages\/NII-Certification\/pdf\/My-Certification-Portal-Upgrade_FAQ.pdf\" target=\"_blank\">Documento de Preguntas Frecuentes de Mi Portal de Certificaci\u00f3n<\/a><\/li><li><a rel=\"noreferrer noopener\" href=\"https:\/\/higherlogicdownload.s3.amazonaws.com\/NACE\/45cad4df-d60c-4b07-a130-5d565a501e09\/UploadedImages\/NII-Certification\/pdf\/Step-by-Step-for-3rd-Party-Ethics-Submission.pdf\" target=\"_blank\">Requisito de capacitaci\u00f3n \u00e9tica Gu\u00eda paso a paso de equivalencia de terceros<\/a><\/li><li>Revise lo \u00faltimo sobre\u00a0<a href=\"https:\/\/www.ampp.org\/education\/education-resources\/courses-by-program\/coating-inspector-program\" target=\"_blank\" rel=\"noreferrer noopener\">los cambios en los programas CIP y PCI<\/a><\/li><\/ul>\n\n\n\n<h4 class=\"wp-block-heading\"><strong>Dependencia de renovaci\u00f3n de la Certificaci\u00f3n y Desarrollo Profesional<\/strong><\/h4>\n\n\n\n<p style=\"font-size:16px\">Mientras se prepara para la renovaci\u00f3n,&nbsp;&nbsp;<a rel=\"noreferrer noopener\" href=\"https:\/\/my.ampp.org\/User\/Login.aspx?ReturnUrl=\/ContactResources\/ClarusJump.aspx\" target=\"_blank\">visite Mi Portal de Certificaci\u00f3n<\/a>&nbsp;&nbsp;para registrar y administrar su experiencia laboral y las Horas de Desarrollo Profesional (PDH) necesarias.&nbsp;Su experiencia laboral y los PDH se enviar\u00e1n como parte de su solicitud de renovaci\u00f3n, pero puede ingresar los PDH en cualquier momento.&nbsp;Consulte la&nbsp;&nbsp;<a rel=\"noreferrer noopener\" href=\"https:\/\/higherlogicdownload.s3.amazonaws.com\/NACE\/45cad4df-d60c-4b07-a130-5d565a501e09\/UploadedImages\/NII-Certification\/pdf\/Renewal-Guide.pdf\" target=\"_blank\">gu\u00eda de renovaci\u00f3n de la certificaci\u00f3n&nbsp;<\/a>&nbsp;para conocer los requisitos de PDH, nuestra&nbsp;&nbsp;<a rel=\"noreferrer noopener\" href=\"https:\/\/higherlogicdownload.s3.amazonaws.com\/NACE\/cedda8a4-c3c0-4583-b1b6-3b248e6eb1f2\/UploadedImages\/Certification\/pdf\/Sample-PDH-training-document.pdf\" target=\"_blank\">gu\u00eda de capacitaci\u00f3n de muestra de PDH<\/a>&nbsp;y nuestros&nbsp;<a href=\"https:\/\/www.ampp.org\/education\/maintain-credentials\/renew-your-certification#how-to\" target=\"_blank\" rel=\"noreferrer noopener\">videos instructivos de PDH a<\/a>&nbsp;continuaci\u00f3n.<\/p>\n\n\n\n<figure class=\"wp-block-video\"><video controls src=\"http:\/\/www.amppperu.com\/wp-content\/uploads\/2022\/08\/3240807921.mp4\"><\/video><\/figure>\n","protected":false},"excerpt":{"rendered":"<p>\u00bfCertificaci\u00f3n a punto de caducar? Renovar su credencial ganada con tanto esfuerzo es simple y toma menos de 10 minutos.&nbsp;Al renovar, evitar\u00e1 las tarifas de restablecimiento o la posible suspensi\u00f3n de su certificaci\u00f3n.&nbsp;Las certificaciones son elegibles para renovaci\u00f3n a partir de 90 d\u00edas antes de la fecha de vencimiento.&nbsp;T\u00f3mese unos minutos hoy para: Proteja su [&hellip;]<\/p>\n","protected":false},"author":1,"featured_media":0,"parent":0,"menu_order":0,"comment_status":"closed","ping_status":"closed","template":"","meta":{"footnotes":""},"class_list":["post-217","page","type-page","status-publish","hentry"],"_links":{"self":[{"href":"https:\/\/www.amppperu.com\/index.php\/wp-json\/wp\/v2\/pages\/217","targetHints":{"allow":["GET"]}}],"collection":[{"href":"https:\/\/www.amppperu.com\/index.php\/wp-json\/wp\/v2\/pages"}],"about":[{"href":"https:\/\/www.amppperu.com\/index.php\/wp-json\/wp\/v2\/types\/page"}],"author":[{"embeddable":true,"href":"https:\/\/www.amppperu.com\/index.php\/wp-json\/wp\/v2\/users\/1"}],"replies":[{"embeddable":true,"href":"https:\/\/www.amppperu.com\/index.php\/wp-json\/wp\/v2\/comments?post=217"}],"version-history":[{"count":26,"href":"https:\/\/www.amppperu.com\/index.php\/wp-json\/wp\/v2\/pages\/217\/revisions"}],"predecessor-version":[{"id":255,"href":"https:\/\/www.amppperu.com\/index.php\/wp-json\/wp\/v2\/pages\/217\/revisions\/255"}],"wp:attachment":[{"href":"https:\/\/www.amppperu.com\/index.php\/wp-json\/wp\/v2\/media?parent=217"}],"curies":[{"name":"wp","href":"https:\/\/api.w.org\/{rel}","templated":true}]}}