{"id":22,"date":"2022-08-08T22:31:51","date_gmt":"2022-08-08T22:31:51","guid":{"rendered":"http:\/\/www.amppperu.com\/?page_id=22"},"modified":"2025-01-17T15:23:03","modified_gmt":"2025-01-17T20:23:03","slug":"eventos","status":"publish","type":"page","link":"https:\/\/www.amppperu.com\/index.php\/eventos\/","title":{"rendered":"Eventos"},"content":{"rendered":"\n<div class=\"wp-block-columns is-layout-flex wp-container-core-columns-is-layout-9d6595d7 wp-block-columns-is-layout-flex\">\n<div class=\"wp-block-column is-layout-flow wp-block-column-is-layout-flow\" style=\"flex-basis:66.66%\">\n<h3 class=\"wp-block-heading has-text-align-center\"><strong>Three Days Corrosion Show 202<\/strong>5<\/h3>\n\n\n\n<p class=\"has-text-align-center\">AMPP Cap\u00edtulo Per\u00fa,&nbsp; esta programando para el presente a\u00f1o el encuentro t\u00e9cnico comercial, denominado&nbsp;<strong><em>\u201cThree Days Corrosion Show 2025\u201d<\/em><\/strong>. Este evento reunir\u00e1 a empresas y profesionales involucrados en el control de la corrosi\u00f3n de los diferentes sectores industriales, proveedores de productos y servicios, investigadores, acad\u00e9micos, profesionales de organismos reguladores, estudiantes, etc.<\/p>\n\n\n\n<p class=\"has-text-align-center\"><strong>Three Days Corrosion Show&nbsp;<\/strong>forma parte del programa de eventos de&nbsp;<strong>AMPP Cap\u00edtulo Per\u00fa<\/strong>&nbsp;para el a\u00f1o 2025. El objetivo de esta jornada es brindar a los participantes y visitantes tres d\u00edas&nbsp; de conferencias T\u00e9cnicas y reuniones comerciales entre proveedores y usuarios.<\/p>\n\n\n\n<p class=\"has-text-align-center\">El&nbsp;<strong>Three Days Corrosion Show&nbsp;<\/strong>presentar\u00e1 entre sus l\u00edneas tem\u00e1ticas diversos aspectos en el campo de la corrosi\u00f3n, como tales como:&nbsp;<strong><em>Gesti\u00f3n de Integridad, Corrosi\u00f3n en la Industria, Recubrimientos, Protecci\u00f3n Cat\u00f3dica, Reparacion de tuberias, entre otras<\/em><\/strong>, las cuales ser\u00e1n presentadas a trav\u00e9s de conferencias t\u00e9cnicas por especialistas de diferentes empresas nacionales e internacionales.<\/p>\n\n\n\n<p class=\"has-text-align-center\">Tambi\u00e9n existir\u00e1 un ambiente de exposici\u00f3n de bienes y servicios de diferentes empresas, donde usted podr\u00e1 observar y compartir los \u00faltimos avances tecnol\u00f3gicos y experiencias en el campo de la prevenci\u00f3n y control de la corrosi\u00f3n.<\/p>\n\n\n\n<p class=\"has-text-align-center\">El Comit\u00e9 organizador de esta jornada est\u00e1 formada por diferentes profesionales y especialistas, provenientes de diferentes empresas y los invitan a participar de este evento t\u00e9cnico.<\/p>\n\n\n\n<p class=\"has-text-align-center\">La fecha ser\u00e1 del 13 al 15 de agosto del 2025 en el auditorio de la C\u00e1mara de Comercio de Lima.<\/p>\n\n\n\n<p class=\"has-text-align-center\">Comit\u00e9 Organizador&nbsp;<strong>Three Days Corrosion show<\/strong>&nbsp;\u2013 AMPP Cap\u00edtulo Per\u00fa.<\/p>\n<\/div>\n\n\n\n<div class=\"wp-block-column is-layout-flow wp-block-column-is-layout-flow\" style=\"flex-basis:33.33%\">\n<h3 class=\"wp-block-heading has-text-align-center\"><strong>Cronograma<\/strong><\/h3>\n\n\n<div class=\"wp-block-image\">\n<figure class=\"aligncenter size-large is-resized\"><img loading=\"lazy\" decoding=\"async\" width=\"1024\" height=\"647\" src=\"https:\/\/www.amppperu.com\/wp-content\/uploads\/2025\/01\/FECHAS-TRABAJOS-TECNICOS--1024x647.jpg\" alt=\"\" class=\"wp-image-830\" style=\"width:336px;height:305px\" srcset=\"https:\/\/www.amppperu.com\/wp-content\/uploads\/2025\/01\/FECHAS-TRABAJOS-TECNICOS--1024x647.jpg 1024w, https:\/\/www.amppperu.com\/wp-content\/uploads\/2025\/01\/FECHAS-TRABAJOS-TECNICOS--300x190.jpg 300w, https:\/\/www.amppperu.com\/wp-content\/uploads\/2025\/01\/FECHAS-TRABAJOS-TECNICOS--768x485.jpg 768w, https:\/\/www.amppperu.com\/wp-content\/uploads\/2025\/01\/FECHAS-TRABAJOS-TECNICOS--1536x971.jpg 1536w, https:\/\/www.amppperu.com\/wp-content\/uploads\/2025\/01\/FECHAS-TRABAJOS-TECNICOS--2048x1294.jpg 2048w\" sizes=\"auto, (max-width: 1024px) 100vw, 1024px\" \/><\/figure>\n<\/div>\n\n\n<p><\/p>\n\n\n\n<h3 class=\"wp-block-heading has-text-align-center\"><strong>Categor\u00edas <\/strong><\/h3>\n\n\n\n<figure class=\"wp-block-image size-large is-resized\"><img loading=\"lazy\" decoding=\"async\" width=\"856\" height=\"1024\" src=\"https:\/\/www.amppperu.com\/wp-content\/uploads\/2025\/01\/TEMAS-856x1024.jpg\" alt=\"\" class=\"wp-image-831\" style=\"width:342px;height:353px\" srcset=\"https:\/\/www.amppperu.com\/wp-content\/uploads\/2025\/01\/TEMAS-856x1024.jpg 856w, https:\/\/www.amppperu.com\/wp-content\/uploads\/2025\/01\/TEMAS-251x300.jpg 251w, https:\/\/www.amppperu.com\/wp-content\/uploads\/2025\/01\/TEMAS-768x919.jpg 768w, https:\/\/www.amppperu.com\/wp-content\/uploads\/2025\/01\/TEMAS-1284x1536.jpg 1284w, https:\/\/www.amppperu.com\/wp-content\/uploads\/2025\/01\/TEMAS-1712x2048.jpg 1712w\" sizes=\"auto, (max-width: 856px) 100vw, 856px\" \/><\/figure>\n<\/div>\n<\/div>\n","protected":false},"excerpt":{"rendered":"<p>Three Days Corrosion Show 2025 AMPP Cap\u00edtulo Per\u00fa,&nbsp; esta programando para el presente a\u00f1o el encuentro t\u00e9cnico comercial, denominado&nbsp;\u201cThree Days Corrosion Show 2025\u201d. Este evento reunir\u00e1 a empresas y profesionales involucrados en el control de la corrosi\u00f3n de los diferentes sectores industriales, proveedores de productos y servicios, investigadores, acad\u00e9micos, profesionales de organismos reguladores, estudiantes, etc. [&hellip;]<\/p>\n","protected":false},"author":1,"featured_media":0,"parent":0,"menu_order":0,"comment_status":"closed","ping_status":"closed","template":"","meta":{"footnotes":""},"class_list":["post-22","page","type-page","status-publish","hentry"],"_links":{"self":[{"href":"https:\/\/www.amppperu.com\/index.php\/wp-json\/wp\/v2\/pages\/22","targetHints":{"allow":["GET"]}}],"collection":[{"href":"https:\/\/www.amppperu.com\/index.php\/wp-json\/wp\/v2\/pages"}],"about":[{"href":"https:\/\/www.amppperu.com\/index.php\/wp-json\/wp\/v2\/types\/page"}],"author":[{"embeddable":true,"href":"https:\/\/www.amppperu.com\/index.php\/wp-json\/wp\/v2\/users\/1"}],"replies":[{"embeddable":true,"href":"https:\/\/www.amppperu.com\/index.php\/wp-json\/wp\/v2\/comments?post=22"}],"version-history":[{"count":23,"href":"https:\/\/www.amppperu.com\/index.php\/wp-json\/wp\/v2\/pages\/22\/revisions"}],"predecessor-version":[{"id":842,"href":"https:\/\/www.amppperu.com\/index.php\/wp-json\/wp\/v2\/pages\/22\/revisions\/842"}],"wp:attachment":[{"href":"https:\/\/www.amppperu.com\/index.php\/wp-json\/wp\/v2\/media?parent=22"}],"curies":[{"name":"wp","href":"https:\/\/api.w.org\/{rel}","templated":true}]}}