{"id":34,"date":"2022-08-08T23:09:18","date_gmt":"2022-08-08T23:09:18","guid":{"rendered":"http:\/\/www.amppperu.com\/?page_id=34"},"modified":"2022-08-11T02:38:33","modified_gmt":"2022-08-11T02:38:33","slug":"certificados","status":"publish","type":"page","link":"https:\/\/www.amppperu.com\/index.php\/certificados\/","title":{"rendered":"Certificados"},"content":{"rendered":"\n<figure class=\"wp-block-image size-large\"><img decoding=\"async\" src=\"http:\/\/www.amppperu.com\/wp-content\/uploads\/2022\/08\/IMG_2511-1024x436.jpeg\" alt=\"\" class=\"wp-image-212\"\/><\/figure>\n\n\n\n<p style=\"font-size:16px\">\u00bfEst\u00e1 buscando un profesional certificado por AMPP en Inspector de Recubrimientos (CIP) o un profesional de Protecci\u00f3n Cat\u00f3dica (CP) para su pr\u00f3ximo proyecto?\u00a0\u00bfNecesita validar la certificaci\u00f3n de sus empleados?\u00a0Usando nuestro Registro de Credenciales, puede encontrar y\/o validar profesionales certificados en corrosi\u00f3n para todas sus necesidades de mitigaci\u00f3n de la corrosi\u00f3n.<\/p>\n\n\n\n<h5 class=\"has-text-align-center wp-block-heading\"><strong>Se pueden realizar dos tipos de b\u00fasquedas:<\/strong><\/h5>\n\n\n\n<div class=\"wp-block-columns is-layout-flex wp-container-core-columns-is-layout-9d6595d7 wp-block-columns-is-layout-flex\">\n<div class=\"wp-block-column is-layout-flow wp-block-column-is-layout-flow\">\n<p style=\"font-size:16px\"><strong>B\u00fasqueda del Titular de la Certificaci\u00f3n<\/strong><br>(Encuentre un titular de la credencial)<\/p>\n\n\n\n<p style=\"font-size:16px\">Programa o Tipo de Certificaci\u00f3n*<br>Ciudad<br>Pa\u00eds*<\/p>\n\n\n\n<p style=\"font-size:16px\">*Campos requeridos<\/p>\n<\/div>\n\n\n\n<div class=\"wp-block-column is-layout-flow wp-block-column-is-layout-flow\">\n<p style=\"font-size:16px\"><strong>B\u00fasqueda de verificaci\u00f3n de informaci\u00f3n<\/strong><br>(verificar un titular de credencial conocido)<\/p>\n\n\n\n<p style=\"font-size:16px\">Certificaci\u00f3n<br>N\u00famero de certificaci\u00f3n<br>Nombre<br>Apellido<\/p>\n\n\n\n<p style=\"font-size:16px\">Cuando busque un n\u00famero de certificaci\u00f3n espec\u00edfico, incluya tambi\u00e9n el nombre o apellido para obtener los mejores resultados.<\/p>\n<\/div>\n<\/div>\n\n\n\n<div class=\"wp-block-buttons is-layout-flex wp-block-buttons-is-layout-flex\">\n<div class=\"wp-block-button\"><a class=\"wp-block-button__link has-vivid-red-background-color has-background\" href=\"https:\/\/nace.useclarus.com\/view\/verify\/\" target=\"_blank\" rel=\"noreferrer noopener\">Busque un profesional certificado <\/a><\/div>\n<\/div>\n","protected":false},"excerpt":{"rendered":"<p>\u00bfEst\u00e1 buscando un profesional certificado por AMPP en Inspector de Recubrimientos (CIP) o un profesional de Protecci\u00f3n Cat\u00f3dica (CP) para su pr\u00f3ximo proyecto?\u00a0\u00bfNecesita validar la certificaci\u00f3n de sus empleados?\u00a0Usando nuestro Registro de Credenciales, puede encontrar y\/o validar profesionales certificados en corrosi\u00f3n para todas sus necesidades de mitigaci\u00f3n de la corrosi\u00f3n. Se pueden realizar dos tipos [&hellip;]<\/p>\n","protected":false},"author":1,"featured_media":0,"parent":0,"menu_order":0,"comment_status":"closed","ping_status":"closed","template":"","meta":{"footnotes":""},"class_list":["post-34","page","type-page","status-publish","hentry"],"_links":{"self":[{"href":"https:\/\/www.amppperu.com\/index.php\/wp-json\/wp\/v2\/pages\/34","targetHints":{"allow":["GET"]}}],"collection":[{"href":"https:\/\/www.amppperu.com\/index.php\/wp-json\/wp\/v2\/pages"}],"about":[{"href":"https:\/\/www.amppperu.com\/index.php\/wp-json\/wp\/v2\/types\/page"}],"author":[{"embeddable":true,"href":"https:\/\/www.amppperu.com\/index.php\/wp-json\/wp\/v2\/users\/1"}],"replies":[{"embeddable":true,"href":"https:\/\/www.amppperu.com\/index.php\/wp-json\/wp\/v2\/comments?post=34"}],"version-history":[{"count":6,"href":"https:\/\/www.amppperu.com\/index.php\/wp-json\/wp\/v2\/pages\/34\/revisions"}],"predecessor-version":[{"id":216,"href":"https:\/\/www.amppperu.com\/index.php\/wp-json\/wp\/v2\/pages\/34\/revisions\/216"}],"wp:attachment":[{"href":"https:\/\/www.amppperu.com\/index.php\/wp-json\/wp\/v2\/media?parent=34"}],"curies":[{"name":"wp","href":"https:\/\/api.w.org\/{rel}","templated":true}]}}