{"id":417,"date":"2022-08-13T22:22:45","date_gmt":"2022-08-14T03:22:45","guid":{"rendered":"https:\/\/www.amppperu.com\/?page_id=417"},"modified":"2026-03-13T07:34:48","modified_gmt":"2026-03-13T12:34:48","slug":"inicio","status":"publish","type":"page","link":"https:\/\/www.amppperu.com\/","title":{"rendered":"Inicio"},"content":{"rendered":"<div class=\"wp-block-image\">\n<figure class=\"aligncenter size-full is-resized\"><img loading=\"lazy\" decoding=\"async\" width=\"619\" height=\"123\" src=\"https:\/\/www.amppperu.com\/wp-content\/uploads\/2022\/08\/AMPP_Chapter_PERU_Logo_horizontal.png\" alt=\"\" class=\"wp-image-49\" style=\"width:427px;height:84px\" srcset=\"https:\/\/www.amppperu.com\/wp-content\/uploads\/2022\/08\/AMPP_Chapter_PERU_Logo_horizontal.png 619w, https:\/\/www.amppperu.com\/wp-content\/uploads\/2022\/08\/AMPP_Chapter_PERU_Logo_horizontal-300x60.png 300w\" sizes=\"auto, (max-width: 619px) 100vw, 619px\" \/><\/figure>\n<\/div>\n\n\n<div class=\"wp-block-columns is-layout-flex wp-container-core-columns-is-layout-9d6595d7 wp-block-columns-is-layout-flex\">\n<div class=\"wp-block-column is-layout-flow wp-block-column-is-layout-flow\"><\/div>\n<\/div>\n\n\n\n<h4 class=\"wp-block-heading has-text-align-center\"><strong>THE ASSOCIATION FOR MATERIALS PROTECTION AND PERFORMANCE<\/strong><\/h4>\n\n\n\n<div class=\"wp-block-columns is-layout-flex wp-container-core-columns-is-layout-9d6595d7 wp-block-columns-is-layout-flex\">\n<div class=\"wp-block-column is-layout-flow wp-block-column-is-layout-flow\"><\/div>\n<\/div>\n\n\n\n<p class=\"has-text-align-center\"><strong>AMPP&nbsp;<\/strong>es la organizaci\u00f3n m\u00e1s grande a nivel mundial en el&nbsp;<strong>control de la corrosi\u00f3n&nbsp;<\/strong>y cuenta con el programa de capacitaci\u00f3n y certificaci\u00f3n de profesionales m\u00e1s reconocido en el mundo<\/p>\n\n\n\n<div class=\"wp-block-columns is-layout-flex wp-container-core-columns-is-layout-9d6595d7 wp-block-columns-is-layout-flex\">\n<div class=\"wp-block-column is-layout-flow wp-block-column-is-layout-flow\"><\/div>\n<\/div>\n\n\n<div class=\"wp-block-image\">\n<figure class=\"aligncenter size-full is-resized\"><img loading=\"lazy\" decoding=\"async\" width=\"732\" height=\"213\" src=\"https:\/\/www.amppperu.com\/wp-content\/uploads\/2022\/08\/APICORR-removebg-1.png\" alt=\"\" class=\"wp-image-455\" style=\"width:409px;height:117px\" srcset=\"https:\/\/www.amppperu.com\/wp-content\/uploads\/2022\/08\/APICORR-removebg-1.png 732w, https:\/\/www.amppperu.com\/wp-content\/uploads\/2022\/08\/APICORR-removebg-1-300x87.png 300w\" sizes=\"auto, (max-width: 732px) 100vw, 732px\" \/><\/figure>\n<\/div>\n\n\n<p class=\"has-text-align-center\">En Peru, la&nbsp;<strong>APICORR<\/strong>, tiene la licencia exclusiva para organizar los cursos de capacitaci\u00f3n y certificaci\u00f3n de&nbsp;<strong>AMPP<\/strong>.<\/p>\n\n\n\n<div class=\"wp-block-columns is-layout-flex wp-container-core-columns-is-layout-9d6595d7 wp-block-columns-is-layout-flex\">\n<div class=\"wp-block-column is-layout-flow wp-block-column-is-layout-flow\"><\/div>\n<\/div>\n\n\n\n<div class=\"wp-block-columns is-layout-flex wp-container-core-columns-is-layout-9d6595d7 wp-block-columns-is-layout-flex\">\n<div class=\"wp-block-column is-layout-flow wp-block-column-is-layout-flow\">\n<h4 class=\"wp-block-heading has-text-align-center\"><strong>CURSOS Y CERTIFICACIONES<\/strong> <\/h4>\n\n\n\n<div class=\"wp-block-columns is-layout-flex wp-container-core-columns-is-layout-9d6595d7 wp-block-columns-is-layout-flex\">\n<div class=\"wp-block-column is-layout-flow wp-block-column-is-layout-flow\"><\/div>\n<\/div>\n<\/div>\n<\/div>\n\n\n\n<div class=\"wp-block-columns is-layout-flex wp-container-core-columns-is-layout-9d6595d7 wp-block-columns-is-layout-flex\">\n<div class=\"wp-block-column is-layout-flow wp-block-column-is-layout-flow\">\n<figure class=\"wp-block-image size-full\"><img loading=\"lazy\" decoding=\"async\" width=\"600\" height=\"400\" src=\"https:\/\/www.amppperu.com\/wp-content\/uploads\/2022\/08\/CP-Program-Landing1.jpg\" alt=\"\" class=\"wp-image-459\" srcset=\"https:\/\/www.amppperu.com\/wp-content\/uploads\/2022\/08\/CP-Program-Landing1.jpg 600w, https:\/\/www.amppperu.com\/wp-content\/uploads\/2022\/08\/CP-Program-Landing1-300x200.jpg 300w\" sizes=\"auto, (max-width: 600px) 100vw, 600px\" \/><\/figure>\n<\/div>\n\n\n\n<div class=\"wp-block-column is-layout-flow wp-block-column-is-layout-flow\">\n<figure class=\"wp-block-image size-full\"><img loading=\"lazy\" decoding=\"async\" width=\"600\" height=\"400\" src=\"https:\/\/www.amppperu.com\/wp-content\/uploads\/2022\/08\/CIP-landing.jpg\" alt=\"\" class=\"wp-image-461\" srcset=\"https:\/\/www.amppperu.com\/wp-content\/uploads\/2022\/08\/CIP-landing.jpg 600w, https:\/\/www.amppperu.com\/wp-content\/uploads\/2022\/08\/CIP-landing-300x200.jpg 300w\" sizes=\"auto, (max-width: 600px) 100vw, 600px\" \/><\/figure>\n<\/div>\n\n\n\n<div class=\"wp-block-column is-layout-flow wp-block-column-is-layout-flow\">\n<figure class=\"wp-block-image size-full\"><img loading=\"lazy\" decoding=\"async\" width=\"600\" height=\"400\" src=\"https:\/\/www.amppperu.com\/wp-content\/uploads\/2022\/08\/Pipeline.jpg\" alt=\"\" class=\"wp-image-462\" srcset=\"https:\/\/www.amppperu.com\/wp-content\/uploads\/2022\/08\/Pipeline.jpg 600w, https:\/\/www.amppperu.com\/wp-content\/uploads\/2022\/08\/Pipeline-300x200.jpg 300w\" sizes=\"auto, (max-width: 600px) 100vw, 600px\" \/><\/figure>\n<\/div>\n<\/div>\n\n\n\n<div class=\"wp-block-columns is-layout-flex wp-container-core-columns-is-layout-9d6595d7 wp-block-columns-is-layout-flex\">\n<div class=\"wp-block-column is-layout-flow wp-block-column-is-layout-flow\">\n<h5 class=\"wp-block-heading has-text-align-center\"><strong>Protecci\u00f3n Cat\u00f3dica<\/strong><\/h5>\n<\/div>\n\n\n\n<div class=\"wp-block-column is-layout-flow wp-block-column-is-layout-flow\">\n<h5 class=\"wp-block-heading has-text-align-center\"><strong>Inspecci\u00f3n Recubrimientos<\/strong> <\/h5>\n<\/div>\n\n\n\n<div class=\"wp-block-column is-layout-flow wp-block-column-is-layout-flow\">\n<h5 class=\"wp-block-heading has-text-align-center\"><strong>Otros Cursos y Programas<\/strong><\/h5>\n<\/div>\n<\/div>\n\n\n\n<div class=\"wp-block-columns is-layout-flex wp-container-core-columns-is-layout-9d6595d7 wp-block-columns-is-layout-flex\">\n<div class=\"wp-block-column is-layout-flow wp-block-column-is-layout-flow\">\n<h6 class=\"wp-block-heading has-text-align-center\"><strong><em>CP 1 &#8211; Tester<\/em><\/strong><\/h6>\n\n\n\n<p class=\"has-text-align-center\" style=\"font-size:15px\">Del 17 al 21 agosto 2026<\/p>\n\n\n\n<h6 class=\"wp-block-heading has-text-align-center\"><strong><em>CP 2 &#8211; Technician<\/em><\/strong><\/h6>\n\n\n\n<p class=\"has-text-align-center\" style=\"font-size:15px\">Del 24 al 28 agosto 2026<\/p>\n\n\n\n<h6 class=\"wp-block-heading has-text-align-center\"><strong><em>CP 3 &#8211; Technologist<\/em><\/strong><\/h6>\n\n\n\n<p class=\"has-text-align-center\" style=\"font-size:15px\">Por definir el a\u00f1o2026<\/p>\n\n\n\n<p><\/p>\n\n\n\n<h6 class=\"wp-block-heading has-text-align-center\"><strong><em>CP 4 &#8211; Specialist<\/em><\/strong><\/h6>\n\n\n\n<p class=\"has-text-align-center\" style=\"font-size:15px\">Por definir el a\u00f1o2026<\/p>\n\n\n\n<p class=\"has-text-align-center\"><strong><em><a href=\"https:\/\/www.amppperu.com\/index.php\/proteccion-catodica\/\">M\u00e1s Informaci\u00f3n <\/a><\/em><\/strong><\/p>\n<\/div>\n\n\n\n<div class=\"wp-block-column is-layout-flow wp-block-column-is-layout-flow\">\n<h6 class=\"wp-block-heading has-text-align-center\"><strong><em>CIP Nivel  1 \/ Basic Coatings Inspector<\/em><\/strong><\/h6>\n\n\n\n<p class=\"has-text-align-center\" style=\"font-size:15px\">Del 30 marzo al 4 abril 2026<\/p>\n\n\n\n<p class=\"has-text-align-center\" style=\"font-size:15px\"><\/p>\n\n\n\n<h6 class=\"wp-block-heading has-text-align-center\"><strong><em>CIP Nivel  2 \/ Certified Coatings Inspector<\/em><\/strong><\/h6>\n\n\n\n<p class=\"has-text-align-center\" style=\"font-size:15px\">Del 6 al 10 de julio 2026<\/p>\n\n\n\n<p><\/p>\n\n\n\n<p><\/p>\n\n\n\n<p><\/p>\n\n\n\n<p><\/p>\n\n\n\n<p class=\"has-text-align-center\"><strong><em><a href=\"https:\/\/www.amppperu.com\/index.php\/recubrimientos\/\">M\u00e1s Informaci\u00f3n<\/a><\/em><\/strong><\/p>\n<\/div>\n\n\n\n<div class=\"wp-block-column is-layout-flow wp-block-column-is-layout-flow\">\n<h6 class=\"wp-block-heading has-text-align-center\"><strong><em>Pipeline Corrosion Integrity Management (PCIM)<\/em><\/strong><\/h6>\n\n\n\n<p class=\"has-text-align-center\" style=\"font-size:15px\">Por definir<\/p>\n\n\n\n<h6 class=\"wp-block-heading has-text-align-center\"><strong><em>Direct Assessment (DA)<\/em><\/strong><\/h6>\n\n\n\n<p class=\"has-text-align-center\" style=\"font-size:15px\">por definir<\/p>\n\n\n\n<h6 class=\"wp-block-heading has-text-align-center\"><strong><em>In-Line Inspection (IL<\/em><\/strong><em><strong>I)<\/strong><\/em><\/h6>\n\n\n\n<p class=\"has-text-align-center\" style=\"font-size:15px\">por definir<\/p>\n\n\n\n<h6 class=\"wp-block-heading has-text-align-center\"><strong><em>Senior Internal Corrosion Technologist  (IC-Nivel 2)<\/em><\/strong><\/h6>\n\n\n\n<p class=\"has-text-align-center\" style=\"font-size:15px\"><\/p>\n\n\n\n<h6 class=\"wp-block-heading has-text-align-center\"><strong><em>Corrosi\u00f3n General<\/em><\/strong> <\/h6>\n\n\n\n<p class=\"has-text-align-center\" style=\"font-size:15px\">Por definir <\/p>\n\n\n\n<p><\/p>\n\n\n\n<p><\/p>\n\n\n\n<p class=\"has-text-align-center\"><strong><em><a href=\"https:\/\/www.amppperu.com\/index.php\/pipeline-industry\/\">M\u00e1s Informaci\u00f3n<\/a><\/em><\/strong> <\/p>\n<\/div>\n<\/div>\n","protected":false},"excerpt":{"rendered":"<p>THE ASSOCIATION FOR MATERIALS PROTECTION AND PERFORMANCE AMPP&nbsp;es la organizaci\u00f3n m\u00e1s grande a nivel mundial en el&nbsp;control de la corrosi\u00f3n&nbsp;y cuenta con el programa de capacitaci\u00f3n y certificaci\u00f3n de profesionales m\u00e1s reconocido en el mundo En Peru, la&nbsp;APICORR, tiene la licencia exclusiva para organizar los cursos de capacitaci\u00f3n y certificaci\u00f3n de&nbsp;AMPP. CURSOS Y CERTIFICACIONES Protecci\u00f3n [&hellip;]<\/p>\n","protected":false},"author":1,"featured_media":0,"parent":0,"menu_order":0,"comment_status":"closed","ping_status":"closed","template":"","meta":{"footnotes":""},"class_list":["post-417","page","type-page","status-publish","hentry"],"_links":{"self":[{"href":"https:\/\/www.amppperu.com\/index.php\/wp-json\/wp\/v2\/pages\/417","targetHints":{"allow":["GET"]}}],"collection":[{"href":"https:\/\/www.amppperu.com\/index.php\/wp-json\/wp\/v2\/pages"}],"about":[{"href":"https:\/\/www.amppperu.com\/index.php\/wp-json\/wp\/v2\/types\/page"}],"author":[{"embeddable":true,"href":"https:\/\/www.amppperu.com\/index.php\/wp-json\/wp\/v2\/users\/1"}],"replies":[{"embeddable":true,"href":"https:\/\/www.amppperu.com\/index.php\/wp-json\/wp\/v2\/comments?post=417"}],"version-history":[{"count":68,"href":"https:\/\/www.amppperu.com\/index.php\/wp-json\/wp\/v2\/pages\/417\/revisions"}],"predecessor-version":[{"id":956,"href":"https:\/\/www.amppperu.com\/index.php\/wp-json\/wp\/v2\/pages\/417\/revisions\/956"}],"wp:attachment":[{"href":"https:\/\/www.amppperu.com\/index.php\/wp-json\/wp\/v2\/media?parent=417"}],"curies":[{"name":"wp","href":"https:\/\/api.w.org\/{rel}","templated":true}]}}