{"id":662,"date":"2023-03-01T20:54:38","date_gmt":"2023-03-02T01:54:38","guid":{"rendered":"https:\/\/www.amppperu.com\/?page_id=662"},"modified":"2025-01-21T18:52:52","modified_gmt":"2025-01-21T23:52:52","slug":"convocatoria-de-temas-tdcs","status":"publish","type":"page","link":"https:\/\/www.amppperu.com\/index.php\/convocatoria-de-temas-tdcs\/","title":{"rendered":"Convocatoria de Temas TDCS"},"content":{"rendered":"\n<h4 class=\"wp-block-heading\"><strong>Generalidades <\/strong><\/h4>\n\n\n\n<p><strong>Son considerados como trabajos t\u00e9cnicos<\/strong>: Investigaciones, proyectos, estudios de caso, estudios prospectivos y experiencias exitosas, a partir de las cuales se puedan inferir aprendizajes a futuro en el control de la corrosi\u00f3n y que hayan sido realizados por profesionales o estudiantes vinculados a empresas operadoras, de servicios, proveedores, universidades, centros de investigaci\u00f3n.<\/p>\n\n\n\n<p><strong>No son considerados como trabajos t\u00e9cnicos<\/strong>: Informes, traducciones, promoci\u00f3n comercial de cualquier marca, producto, aplicaciones comerciales, software comerciales, servicios profesionales o de empresas. Los anteriores son considerados como presentaciones de tipo comercial, empresarial. <\/p>\n\n\n\n<div class=\"wp-block-buttons is-content-justification-center is-layout-flex wp-container-core-buttons-is-layout-16018d1d wp-block-buttons-is-layout-flex\">\n<div class=\"wp-block-button\"><a class=\"wp-block-button__link has-white-color has-vivid-red-background-color has-text-color has-background has-link-color has-text-align-center wp-element-button\" href=\"https:\/\/www.amppperu.com\/wp-content\/uploads\/2025\/01\/BASES-PARA-CONVOCATORIA-TRABAJOS-TECNICOS-2025.pdf\" target=\"_blank\" rel=\"noreferrer noopener nofollow\"><strong>Descargar Bases aqu\u00ed<\/strong><\/a><\/div>\n<\/div>\n\n\n\n<p><\/p>\n\n\n\n<div class=\"wp-block-buttons is-content-justification-center is-layout-flex wp-container-core-buttons-is-layout-16018d1d wp-block-buttons-is-layout-flex\">\n<div class=\"wp-block-button\"><a class=\"wp-block-button__link has-white-color has-text-color has-link-color wp-element-button\" href=\"https:\/\/www.amppperu.com\/wp-content\/uploads\/2025\/01\/TDCS25_MODELO-RESUMEN-TECNICO.docx\" target=\"_blank\" rel=\" noreferrer noopener nofollow\"><strong>Modelo de Resumen<\/strong><\/a><\/div>\n<\/div>\n\n\n\n<h4 class=\"wp-block-heading\"><strong>Categor\u00edas<\/strong><\/h4>\n\n\n\n<div class=\"wp-block-columns is-layout-flex wp-container-core-columns-is-layout-9d6595d7 wp-block-columns-is-layout-flex\">\n<div class=\"wp-block-column is-layout-flow wp-block-column-is-layout-flow\"><div class=\"wp-block-image\">\n<figure class=\"aligncenter size-full is-resized\"><img decoding=\"async\" src=\"https:\/\/www.amppperu.com\/wp-content\/uploads\/2023\/03\/pipeline_internal_corrosion.jpg\" alt=\"\" class=\"wp-image-685\" style=\"width:232px;height:174px\"\/><figcaption class=\"wp-element-caption\"><strong>Internal Corrosion<\/strong> <\/figcaption><\/figure>\n<\/div><\/div>\n\n\n\n<div class=\"wp-block-column is-layout-flow wp-block-column-is-layout-flow\"><div class=\"wp-block-image\">\n<figure class=\"aligncenter size-full\"><img decoding=\"async\" src=\"https:\/\/www.amppperu.com\/wp-content\/uploads\/2023\/03\/PipelineIMS.jpg\" alt=\"\" class=\"wp-image-686\"\/><figcaption class=\"wp-element-caption\"><strong>Pipeline Integrity<\/strong><\/figcaption><\/figure>\n<\/div><\/div>\n\n\n\n<div class=\"wp-block-column is-layout-flow wp-block-column-is-layout-flow\"><div class=\"wp-block-image\">\n<figure class=\"aligncenter size-full\"><img loading=\"lazy\" decoding=\"async\" width=\"600\" height=\"400\" src=\"https:\/\/www.amppperu.com\/wp-content\/uploads\/2023\/03\/cp-tester.jpg\" alt=\"\" class=\"wp-image-687\" srcset=\"https:\/\/www.amppperu.com\/wp-content\/uploads\/2023\/03\/cp-tester.jpg 600w, https:\/\/www.amppperu.com\/wp-content\/uploads\/2023\/03\/cp-tester-300x200.jpg 300w\" sizes=\"auto, (max-width: 600px) 100vw, 600px\" \/><figcaption class=\"wp-element-caption\"><strong>Cathodic Protection<\/strong><\/figcaption><\/figure>\n<\/div><\/div>\n<\/div>\n\n\n\n<div class=\"wp-block-columns is-layout-flex wp-container-core-columns-is-layout-9d6595d7 wp-block-columns-is-layout-flex\">\n<div class=\"wp-block-column is-layout-flow wp-block-column-is-layout-flow\"><div class=\"wp-block-image\">\n<figure class=\"aligncenter size-full\"><img loading=\"lazy\" decoding=\"async\" width=\"804\" height=\"516\" src=\"https:\/\/www.amppperu.com\/wp-content\/uploads\/2023\/03\/crossion-managment.jpg\" alt=\"\" class=\"wp-image-688\" srcset=\"https:\/\/www.amppperu.com\/wp-content\/uploads\/2023\/03\/crossion-managment.jpg 804w, https:\/\/www.amppperu.com\/wp-content\/uploads\/2023\/03\/crossion-managment-300x193.jpg 300w, https:\/\/www.amppperu.com\/wp-content\/uploads\/2023\/03\/crossion-managment-768x493.jpg 768w\" sizes=\"auto, (max-width: 804px) 100vw, 804px\" \/><figcaption class=\"wp-element-caption\"><strong>Corrosion Management<\/strong><\/figcaption><\/figure>\n<\/div><\/div>\n\n\n\n<div class=\"wp-block-column is-layout-flow wp-block-column-is-layout-flow\">\n<figure class=\"wp-block-image size-large\"><img decoding=\"async\" src=\"https:\/\/www.amppperu.com\/wp-content\/uploads\/2025\/01\/maxresdefault-1024x576.jpg\" alt=\"\" class=\"wp-image-844\"\/><\/figure>\n\n\n\n<p class=\"has-text-align-center\"><strong>Pipeline Repair<\/strong><\/p>\n<\/div>\n\n\n\n<div class=\"wp-block-column is-layout-flow wp-block-column-is-layout-flow\"><div class=\"wp-block-image\">\n<figure class=\"aligncenter size-full is-resized\"><img loading=\"lazy\" decoding=\"async\" width=\"259\" height=\"194\" src=\"https:\/\/www.amppperu.com\/wp-content\/uploads\/2023\/03\/descarga-1.jpeg\" alt=\"\" class=\"wp-image-689\" style=\"aspect-ratio:1.3393939393939394;width:239px;height:auto\"\/><figcaption class=\"wp-element-caption\"><strong>Coating &amp; Lining<\/strong><\/figcaption><\/figure>\n<\/div><\/div>\n<\/div>\n\n\n\n<div class=\"wp-block-columns is-layout-flex wp-container-core-columns-is-layout-9d6595d7 wp-block-columns-is-layout-flex\">\n<div class=\"wp-block-column is-layout-flow wp-block-column-is-layout-flow\">\n<h4 class=\"wp-block-heading has-text-align-center\"><strong>Presentaci\u00f3n de Res\u00famenes<\/strong>  <\/h4>\n\n\n\n<p>Las personas interesadas deber\u00e1n enviar un resumen de su trabajo por correo electr\u00f3nico a: eventos@amppperu.com hasta el 25 de abril de 2025. Especificaciones:<\/p>\n\n\n\n<ul class=\"wp-block-list\">\n<li><strong>Formato:<\/strong> MS Word, m\u00ednimo 1 p\u00e1gina de 500 palabras \u00f3 m\u00e1ximo de 3 p\u00e1ginas, tama\u00f1o A-4, letra Calibri 11, espacio 1,5.<\/li>\n\n\n\n<li><strong>Idioma:<\/strong> espa\u00f1ol o ingl\u00e9s.<\/li>\n\n\n\n<li>Informaci\u00f3n: t\u00edtulo del trabajo, categor\u00eda, datos del autor(es) (nombre, empresa, cargo, direcci\u00f3n, tel\u00e9fono, m\u00f3vil y correo electr\u00f3nico corporativo y personal) y rese\u00f1a profesional del autor(es) m\u00e1ximo 5 l\u00edneas, en una segunda p\u00e1gina.<\/li>\n\n\n\n<li><strong>Contenido:<\/strong> el resumen debe referirse a un trabajo t\u00e9cnico que constituya un aporte tecnol\u00f3gico en el control de la corrosi\u00f3n, no debe contener informaci\u00f3n comercial.<\/li>\n\n\n\n<li>El trabajo puede ser presentado por: 01 autor (Expositor) y 03 coautores (como m\u00e1ximo<\/li>\n<\/ul>\n<\/div>\n\n\n\n<div class=\"wp-block-column is-layout-flow wp-block-column-is-layout-flow\">\n<h4 class=\"wp-block-heading has-text-align-center\"><strong>Evaluaci\u00f3n de los res\u00famenes<\/strong><\/h4>\n\n\n\n<ul class=\"wp-block-list\">\n<li>La selecci\u00f3n de los trabajos, basados en sus res\u00famenes, ser\u00e1 realizada por el Comit\u00e9 T\u00e9cnico de AMPP Peru Chapter<\/li>\n\n\n\n<li>La selecci\u00f3n final de los trabajos que ser\u00e1n presentados en el evento estar\u00e1 en funci\u00f3n de la clasificaci\u00f3n hecha por el Comit\u00e9 T\u00e9cnico y condicionada a las limitaciones de horario y al n\u00famero de sesiones previstas en el programa t\u00e9cnico.<\/li>\n\n\n\n<li>La lista de trabajos aceptados identificados por el n\u00famero de registro y t\u00edtulo ser\u00e1 informado al autor de contacto como fecha m\u00e1xima el d\u00eda 23 de mayo. El autor principal recibir\u00e1 por correo electr\u00f3nico la notificaci\u00f3n de la aceptaci\u00f3n o rechazo de su(s) trabajo(s), as\u00ed como las correcciones solicitadas y las indicaciones para las etapas posteriores del proceso de inscripci\u00f3n.<\/li>\n\n\n\n<li>Los autores deber\u00e1n remitir directamente al Comit\u00e9 T\u00e9cnico de AMPP Peru Chapter v\u00eda email a <em><strong>eventos@amppperu.com<\/strong><\/em> la presentaci\u00f3n seg\u00fan formato establecido, el resumen del trabajo editado, incorporando los datos de los autores y, en el caso de haber sido solicitadas, las correcciones derivadas del proceso de revisi\u00f3n.<\/li>\n<\/ul>\n<\/div>\n<\/div>\n","protected":false},"excerpt":{"rendered":"<p>Generalidades Son considerados como trabajos t\u00e9cnicos: Investigaciones, proyectos, estudios de caso, estudios prospectivos y experiencias exitosas, a partir de las cuales se puedan inferir aprendizajes a futuro en el control de la corrosi\u00f3n y que hayan sido realizados por profesionales o estudiantes vinculados a empresas operadoras, de servicios, proveedores, universidades, centros de investigaci\u00f3n. No son [&hellip;]<\/p>\n","protected":false},"author":1,"featured_media":0,"parent":0,"menu_order":0,"comment_status":"closed","ping_status":"closed","template":"","meta":{"footnotes":""},"class_list":["post-662","page","type-page","status-publish","hentry"],"_links":{"self":[{"href":"https:\/\/www.amppperu.com\/index.php\/wp-json\/wp\/v2\/pages\/662","targetHints":{"allow":["GET"]}}],"collection":[{"href":"https:\/\/www.amppperu.com\/index.php\/wp-json\/wp\/v2\/pages"}],"about":[{"href":"https:\/\/www.amppperu.com\/index.php\/wp-json\/wp\/v2\/types\/page"}],"author":[{"embeddable":true,"href":"https:\/\/www.amppperu.com\/index.php\/wp-json\/wp\/v2\/users\/1"}],"replies":[{"embeddable":true,"href":"https:\/\/www.amppperu.com\/index.php\/wp-json\/wp\/v2\/comments?post=662"}],"version-history":[{"count":22,"href":"https:\/\/www.amppperu.com\/index.php\/wp-json\/wp\/v2\/pages\/662\/revisions"}],"predecessor-version":[{"id":891,"href":"https:\/\/www.amppperu.com\/index.php\/wp-json\/wp\/v2\/pages\/662\/revisions\/891"}],"wp:attachment":[{"href":"https:\/\/www.amppperu.com\/index.php\/wp-json\/wp\/v2\/media?parent=662"}],"curies":[{"name":"wp","href":"https:\/\/api.w.org\/{rel}","templated":true}]}}