{"id":851,"date":"2025-01-17T17:13:54","date_gmt":"2025-01-17T22:13:54","guid":{"rendered":"https:\/\/www.amppperu.com\/?page_id=851"},"modified":"2025-01-21T13:42:31","modified_gmt":"2025-01-21T18:42:31","slug":"registro","status":"publish","type":"page","link":"https:\/\/www.amppperu.com\/index.php\/registro\/","title":{"rendered":"Registro"},"content":{"rendered":"\n<h3 class=\"wp-block-heading\"><strong>Bienvenido al Registro del THREE DAYS CORROSION SHOW<\/strong><\/h3>\n\n\n\n<h4 class=\"wp-block-heading\"><strong>\u00a1Un evento \u00fanico para transformar la industria de la corrosi\u00f3n!<\/strong><\/h4>\n\n\n\n<p>El <em>Three Days Corrosion Show<\/em> es el punto de encuentro para profesionales, ingenieros y expertos en la corrosi\u00f3n. Durante tres d\u00edas, tendr\u00e1s la oportunidad de:<\/p>\n\n\n\n<ul class=\"wp-block-list\">\n<li>Participar en conferencias lideradas por especialistas de renombre.<\/li>\n\n\n\n<li>Descubrir las \u00faltimas innovaciones y tecnolog\u00edas en el sector.<\/li>\n\n\n\n<li>Crear conexiones valiosas con l\u00edderes de la industria.<\/li>\n<\/ul>\n\n\n\n<p>\ud83d\uddd3 <strong>Fecha:<\/strong> 13 -15 agosto 2025<br>\ud83d\udccd <strong>Lugar:<\/strong> C\u00e1mara de Comercio de Lima <\/p>\n\n\n\n<h4 class=\"wp-block-heading\"><strong>\u00bfQu\u00e9 incluye tu registro?<\/strong><\/h4>\n\n\n\n<ul class=\"wp-block-list\">\n<li>Acceso completo a los tres d\u00edas del evento.<\/li>\n\n\n\n<li>Materiales exclusivos de las conferencias y talleres.<\/li>\n\n\n\n<li>Certificado de participaci\u00f3n.<\/li>\n\n\n\n<li>Networking con expertos y empresas l\u00edderes.<\/li>\n<\/ul>\n\n\n\n<p>\ud83c\udfaf <strong>\u00a1Reserva tu lugar hoy mismo!<\/strong><br>No pierdas la oportunidad de ser parte del futuro de la corrosi\u00f3n.<\/p>\n\n\n\n<div class=\"wp-block-columns is-layout-flex wp-container-core-columns-is-layout-9d6595d7 wp-block-columns-is-layout-flex\">\n<div class=\"wp-block-column is-layout-flow wp-block-column-is-layout-flow\" style=\"flex-basis:66.66%\">\n<figure class=\"wp-block-image size-large is-resized\"><img loading=\"lazy\" decoding=\"async\" width=\"724\" height=\"1024\" src=\"https:\/\/www.amppperu.com\/wp-content\/uploads\/2025\/01\/COSTO-DE-ADEMISION--724x1024.jpg\" alt=\"\" class=\"wp-image-860\" style=\"width:424px;height:auto\" srcset=\"https:\/\/www.amppperu.com\/wp-content\/uploads\/2025\/01\/COSTO-DE-ADEMISION--724x1024.jpg 724w, https:\/\/www.amppperu.com\/wp-content\/uploads\/2025\/01\/COSTO-DE-ADEMISION--212x300.jpg 212w, https:\/\/www.amppperu.com\/wp-content\/uploads\/2025\/01\/COSTO-DE-ADEMISION--768x1086.jpg 768w, https:\/\/www.amppperu.com\/wp-content\/uploads\/2025\/01\/COSTO-DE-ADEMISION--1086x1536.jpg 1086w, https:\/\/www.amppperu.com\/wp-content\/uploads\/2025\/01\/COSTO-DE-ADEMISION--1449x2048.jpg 1449w, https:\/\/www.amppperu.com\/wp-content\/uploads\/2025\/01\/COSTO-DE-ADEMISION--scaled.jpg 1811w\" sizes=\"auto, (max-width: 724px) 100vw, 724px\" \/><\/figure>\n<\/div>\n\n\n\n<div class=\"wp-block-column is-vertically-aligned-center is-layout-flow wp-block-column-is-layout-flow\" style=\"flex-basis:33.33%\">\n<div class=\"wp-block-buttons is-layout-flex wp-block-buttons-is-layout-flex\">\n<div class=\"wp-block-button is-style-fill\"><a class=\"wp-block-button__link has-white-color has-vivid-red-background-color has-text-color has-background has-link-color has-text-align-center wp-element-button\" href=\"https:\/\/form.jotform.com\/250169361953663\" target=\"_blank\" rel=\"noreferrer noopener\">REGISTRATE AQU\u00cd<\/a><\/div>\n<\/div>\n<\/div>\n<\/div>\n","protected":false},"excerpt":{"rendered":"<p>Bienvenido al Registro del THREE DAYS CORROSION SHOW \u00a1Un evento \u00fanico para transformar la industria de la corrosi\u00f3n! El Three Days Corrosion Show es el punto de encuentro para profesionales, ingenieros y expertos en la corrosi\u00f3n. Durante tres d\u00edas, tendr\u00e1s la oportunidad de: \ud83d\uddd3 Fecha: 13 -15 agosto 2025\ud83d\udccd Lugar: C\u00e1mara de Comercio de Lima [&hellip;]<\/p>\n","protected":false},"author":1,"featured_media":0,"parent":0,"menu_order":0,"comment_status":"closed","ping_status":"closed","template":"","meta":{"footnotes":""},"class_list":["post-851","page","type-page","status-publish","hentry"],"_links":{"self":[{"href":"https:\/\/www.amppperu.com\/index.php\/wp-json\/wp\/v2\/pages\/851","targetHints":{"allow":["GET"]}}],"collection":[{"href":"https:\/\/www.amppperu.com\/index.php\/wp-json\/wp\/v2\/pages"}],"about":[{"href":"https:\/\/www.amppperu.com\/index.php\/wp-json\/wp\/v2\/types\/page"}],"author":[{"embeddable":true,"href":"https:\/\/www.amppperu.com\/index.php\/wp-json\/wp\/v2\/users\/1"}],"replies":[{"embeddable":true,"href":"https:\/\/www.amppperu.com\/index.php\/wp-json\/wp\/v2\/comments?post=851"}],"version-history":[{"count":17,"href":"https:\/\/www.amppperu.com\/index.php\/wp-json\/wp\/v2\/pages\/851\/revisions"}],"predecessor-version":[{"id":889,"href":"https:\/\/www.amppperu.com\/index.php\/wp-json\/wp\/v2\/pages\/851\/revisions\/889"}],"wp:attachment":[{"href":"https:\/\/www.amppperu.com\/index.php\/wp-json\/wp\/v2\/media?parent=851"}],"curies":[{"name":"wp","href":"https:\/\/api.w.org\/{rel}","templated":true}]}}